{"id":886,"date":"2014-12-05T16:14:06","date_gmt":"2014-12-05T16:14:06","guid":{"rendered":"http:\/\/gesangverein-hofbieber.de\/?page_id=886"},"modified":"2023-11-30T15:11:31","modified_gmt":"2023-11-30T14:11:31","slug":"theater","status":"publish","type":"page","link":"https:\/\/gesangverein-hofbieber.de\/index.php\/theater\/","title":{"rendered":"Theater in Hofbieber"},"content":{"rendered":"\n<p>Auch f\u00fcr dieses Jahr konnten wir wieder die Theatergruppe des Gesangvereins 1882 Hofbieber e.V. f\u00fcr ein Gastspiel im Gemeindezentrum Hofbieber gewinnen. Die Castings f\u00fcr die aktuelle Saison sind wieder in vollem Gange. Erste Rollen konnten schon mit bekannten Pers\u00f6nlichkeiten besetzt werden.<br><\/p>\n\n\n\n<p class=\"has-text-align-center\">Die Theatergruppe hat ihre Gastspiele im Dezember f\u00fcr\u00a0 Di. 26. , Mi 27. und Do 28. Dezember 2023 angek\u00fcndigt mit dem St\u00fcck:<\/p>\n\n\n\n<p class=\"has-text-align-center has-x-large-font-size\">Urlaub vom Ehebett<\/p>\n\n\n\n<p>Eintrittskarten gibt es im \u201eDorfladen\u201c in Hofbieber sowie bei den S\u00e4ngerinnen und S\u00e4ngern des Vereins.<\/p>\n\n\n\n<hr class=\"wp-block-separator has-css-opacity\"\/>\n\n\n\n<h2 class=\"wp-block-heading\">Die St\u00fccke der vergangenen Jahre<\/h2>\n\n\n\n<h4 class=\"wp-block-heading\">2022 &#8211; Das alte Schlitzohr<\/h4>\n\n\n\n<h4 class=\"wp-block-heading\">2018 &#8211; Komm Du nur hei, Gott steh Dir bei <\/h4>\n\n\n\n<h4 class=\"wp-block-heading\"><strong>2017 &#8211; Der Fussballk\u00f6nig<\/strong><\/h4>\n\n\n\n<p>Die Theatergruppe des Gesangvereins 1882 Hofbieber e.V. begibt sich dieses Jahr auf den gr\u00fcnen Rasen, aber keine Angst, sie brauchen nicht im Freien zu sitzen, sondern die Trib\u00fcne des Gemeindezentrums ist \u00fcberdacht, die Sitzpl\u00e4tze, sowie der \u201eRasen\u201c besitzen Rasenheizung. Zur Auff\u00fchrung gelangt der Schwank in drei Akten \u201eDer Fussballk\u00f6nig\u201c von Max Reimann und Otto Schwartz.&nbsp; Die Thematik ist dazu pr\u00e4destiniert, das Training &#8211; der Lachmuskeln &#8211; f\u00fcr die Fu\u00dfballweltmeisterschaft 2018 zu unterst\u00fctzen. Die Mannschaft spr\u00fcht auf jeden Fall vor Spielfreude und kokettem Witz.<\/p>\n\n\n\n<ul class=\"wp-block-list\">\n<li>2013 &#8211; Der k\u00fchne Schwimmer<\/li>\n\n\n\n<li>2012 &#8211; Der m\u00fcde Theodor<\/li>\n<\/ul>\n","protected":false},"excerpt":{"rendered":"<p>Auch f\u00fcr dieses Jahr konnten wir wieder die Theatergruppe des Gesangvereins 1882 Hofbieber e.V. f\u00fcr ein Gastspiel im Gemeindezentrum Hofbieber gewinnen. Die Castings f\u00fcr die aktuelle Saison sind wieder in vollem Gange. Erste Rollen konnten schon mit bekannten Pers\u00f6nlichkeiten besetzt &hellip; <a href=\"https:\/\/gesangverein-hofbieber.de\/index.php\/theater\/\">Continue reading <span class=\"meta-nav\">&rarr;<\/span><\/a><\/p>\n","protected":false},"author":1,"featured_media":0,"parent":0,"menu_order":0,"comment_status":"closed","ping_status":"closed","template":"","meta":{"ngg_post_thumbnail":0,"footnotes":""},"class_list":["post-886","page","type-page","status-publish","hentry"],"_links":{"self":[{"href":"https:\/\/gesangverein-hofbieber.de\/index.php\/wp-json\/wp\/v2\/pages\/886","targetHints":{"allow":["GET"]}}],"collection":[{"href":"https:\/\/gesangverein-hofbieber.de\/index.php\/wp-json\/wp\/v2\/pages"}],"about":[{"href":"https:\/\/gesangverein-hofbieber.de\/index.php\/wp-json\/wp\/v2\/types\/page"}],"author":[{"embeddable":true,"href":"https:\/\/gesangverein-hofbieber.de\/index.php\/wp-json\/wp\/v2\/users\/1"}],"replies":[{"embeddable":true,"href":"https:\/\/gesangverein-hofbieber.de\/index.php\/wp-json\/wp\/v2\/comments?post=886"}],"version-history":[{"count":0,"href":"https:\/\/gesangverein-hofbieber.de\/index.php\/wp-json\/wp\/v2\/pages\/886\/revisions"}],"wp:attachment":[{"href":"https:\/\/gesangverein-hofbieber.de\/index.php\/wp-json\/wp\/v2\/media?parent=886"}],"curies":[{"name":"wp","href":"https:\/\/api.w.org\/{rel}","templated":true}]}}