{"id":8,"date":"2012-05-18T06:27:51","date_gmt":"2012-05-18T06:27:51","guid":{"rendered":"http:\/\/gesangverein-hofbieber.de\/?page_id=8"},"modified":"2018-05-26T18:29:10","modified_gmt":"2018-05-26T18:29:10","slug":"kontakt","status":"publish","type":"page","link":"https:\/\/gesangverein-hofbieber.de\/index.php\/kontakt\/","title":{"rendered":"Kontakt"},"content":{"rendered":"<p>Sehr geehrter Besucher,<br \/>\nleider k\u00f6nnen wir Ihnen zur Zeit eine Kontaktaufnahme \u00fcber unseren Webauftritt nicht anbieten, da wir noch keine rechtskonforme und rechtssichere L\u00f6sung gem\u00e4\u00df DSGVO gefunden haben.<\/p>\n<p>&nbsp;<\/p>\n","protected":false},"excerpt":{"rendered":"<p>Sehr geehrter Besucher, leider k\u00f6nnen wir Ihnen zur Zeit eine Kontaktaufnahme \u00fcber unseren Webauftritt nicht anbieten, da wir noch keine rechtskonforme und rechtssichere L\u00f6sung gem\u00e4\u00df DSGVO gefunden haben. &nbsp;<\/p>\n","protected":false},"author":1,"featured_media":0,"parent":0,"menu_order":0,"comment_status":"closed","ping_status":"closed","template":"","meta":{"ngg_post_thumbnail":0,"footnotes":""},"class_list":["post-8","page","type-page","status-publish","hentry"],"_links":{"self":[{"href":"https:\/\/gesangverein-hofbieber.de\/index.php\/wp-json\/wp\/v2\/pages\/8","targetHints":{"allow":["GET"]}}],"collection":[{"href":"https:\/\/gesangverein-hofbieber.de\/index.php\/wp-json\/wp\/v2\/pages"}],"about":[{"href":"https:\/\/gesangverein-hofbieber.de\/index.php\/wp-json\/wp\/v2\/types\/page"}],"author":[{"embeddable":true,"href":"https:\/\/gesangverein-hofbieber.de\/index.php\/wp-json\/wp\/v2\/users\/1"}],"replies":[{"embeddable":true,"href":"https:\/\/gesangverein-hofbieber.de\/index.php\/wp-json\/wp\/v2\/comments?post=8"}],"version-history":[{"count":0,"href":"https:\/\/gesangverein-hofbieber.de\/index.php\/wp-json\/wp\/v2\/pages\/8\/revisions"}],"wp:attachment":[{"href":"https:\/\/gesangverein-hofbieber.de\/index.php\/wp-json\/wp\/v2\/media?parent=8"}],"curies":[{"name":"wp","href":"https:\/\/api.w.org\/{rel}","templated":true}]}}