{"id":77,"date":"2012-07-14T14:47:15","date_gmt":"2012-07-14T14:47:15","guid":{"rendered":"http:\/\/gesangverein-hofbieber.de\/?page_id=77"},"modified":"2026-04-03T12:16:35","modified_gmt":"2026-04-03T10:16:35","slug":"der-verein","status":"publish","type":"page","link":"https:\/\/gesangverein-hofbieber.de\/index.php\/der-verein\/","title":{"rendered":"Der Verein"},"content":{"rendered":"<div class=\"wp-block-image\">\n<figure class=\"aligncenter size-medium is-resized\"><img loading=\"lazy\" decoding=\"async\" width=\"300\" height=\"263\" src=\"https:\/\/gesangverein-hofbieber.de\/wp-content\/uploads\/2026\/04\/Men-at-work-148408.svg_-300x263.png\" alt=\"\" class=\"wp-image-2989\" style=\"aspect-ratio:1.1406585393977702;width:150px\" srcset=\"https:\/\/gesangverein-hofbieber.de\/wp-content\/uploads\/2026\/04\/Men-at-work-148408.svg_-300x263.png 300w, https:\/\/gesangverein-hofbieber.de\/wp-content\/uploads\/2026\/04\/Men-at-work-148408.svg_.png 640w\" sizes=\"auto, (max-width: 300px) 100vw, 300px\" \/><\/figure>\n<\/div>\n\n\n<h1 class=\"wp-block-heading\"><strong>Biografie Gesangverein Hofbieber<\/strong><\/h1>\n\n\n\n<p>Der <em>Gesangverein Hofbieber<\/em> ist ein traditionsreicher gemischter Chor mit \u00fcber 60 Mitwirkenden. Gegr\u00fcndet im sp\u00e4ten 19. Jahrhundert, widmet sich der Chor seit weit \u00fcber 100 Jahren kirchenmusikalischer wie auch weltlicher Literatur.<\/p>\n\n\n\n<p>Hofbieber ist ein beschaulicher und wundersch\u00f6n gelegener Ort in der Rh\u00f6n vor den Toren der ber\u00fchmten Barockstadt Fulda (Hessen). Die Rh\u00f6n ist Ausflugsziel f\u00fcr viele Urlauber aus der ganzen Welt, die hier unbeschwert in guter, frischer Luft die herrlichen Aussichten des Mittelgebirges (Wasserkuppe, Milseburg &#8230;) auf preisgekr\u00f6nten Premium &#8211; Wanderwegen genie\u00dfen k\u00f6nnen. Eine ausgezeichnete Gastronomie und Hotellerie sowie private Ferienwohnungen und&nbsp;Zimmer mit Fr\u00fchst\u00fcck&nbsp;sorgen f\u00fcr h\u00f6chstes Wohlgef\u00fchl.<\/p>\n\n\n\n<p>Der <em>Gesangverein Hofbieber<\/em> verbindet in seinem&nbsp; Wirken, das vom Vorstand gemeinsam mit dem Dirigenten in gro\u00dfer Harmonie gesteuert wird, gro\u00dfe kirchenmusikalische Auff\u00fchrungen mit Orchester sowie j\u00e4hrliche Chor &#8211; Serenaden mit unterschiedlichen programmatischen Schwerpunkten. Alle diese Veranstaltungen sind \u00fcberregional bekannt und erfreuen sich h\u00f6chster Popularit\u00e4t.<\/p>\n\n\n\n<p>Nach Konrad Mader, der den Chor jahrzehntelang geschult und gepr\u00e4gt hat, \u00fcbernahm Mathias Dickhut im Anschluss an seine sechsj\u00e4hrige T\u00e4tigkeit als Music Director of the <em>German School Washington <\/em>&nbsp;(Potomac, Maryland) im Jahr 2002 die Leitung des Chores. Herr Dickhut studierte Dirigieren bei Helmuth Rilling (Frankfurt), Martin Behrmann (Berlin) und David Thorson (Eugene, Oregon).<\/p>\n\n\n\n<p>In seiner Zeit in Washington leitete er neben dem <em>Chor der Deutschen Schule<\/em> den <em>Washington S\u00e4ngerbund<\/em> und vereinte beide Ch\u00f6re immer wieder in gro\u00dfen Auff\u00fchrungen in der Washington Area.<\/p>\n\n\n\n<p>_____________________________________________________________________________________________________________________________________________________________________________<\/p>\n\n\n\n<p>The <em>Gesangverein Hofbieber <\/em>is a tradition-steeped mixed choir with over 60 singers. For over a 100 years, since its foundation in the late 19<sup>th<\/sup> century, the choir has dedicated itself to spiritual and secular works. <em>Hofbieber <\/em>is a picturesque little village situated in the <em>Rh\u00f6n, <\/em>only a stone\u2019s throw away from the baroque city of <em>Fulda<\/em>. The <em>Rh\u00f6n <\/em>is a well-liked destination for travelers from all over the world, who happily enjoy the good fresh air as well as the beautiful scenery while hiking on award-winning tracks. Great food, hotels, vacation apartments and B&amp;B accommodations make the region even more enjoyable.<\/p>\n\n\n\n<p>Being in great accordance in their projects, the conductor, the board, and the singers combine spiritual concerts with orchestra yet also perform a-cappella serenades with different themes annually. These concerts are well-known beyond city borders and enjoy great popularity.<\/p>\n\n\n\n<p>Mathias Dickhut, who acted as music director of the German School, Washington D.C. for&nbsp;six years, took over as conductor from Konrad Mader in 2002, who had lead and shaped the choir for decades. Mr. Dickhut studied music and conducting in Frankfurt, Berlin and Eugene, Oregon.&nbsp; Among his mentors were world-renowned conductors like Helmut Rilling (Frankfurt), Martin Behrmann (Berlin) and David Thorson (Eugene). During his time in Washington D.C. he lead the <em>Choir of the German School <\/em>as well as the <em>Washington S\u00e4ngerbund <\/em>and time and again combined the two choirs in big concerts in the greater Washington area.<\/p>\n","protected":false},"excerpt":{"rendered":"<p>Biografie Gesangverein Hofbieber Der Gesangverein Hofbieber ist ein traditionsreicher gemischter Chor mit \u00fcber 60 Mitwirkenden. Gegr\u00fcndet im sp\u00e4ten 19. Jahrhundert, widmet sich der Chor seit weit \u00fcber 100 Jahren kirchenmusikalischer wie auch weltlicher Literatur. Hofbieber ist ein beschaulicher und wundersch\u00f6n &hellip; <a href=\"https:\/\/gesangverein-hofbieber.de\/index.php\/der-verein\/\">Continue reading <span class=\"meta-nav\">&rarr;<\/span><\/a><\/p>\n","protected":false},"author":1,"featured_media":0,"parent":0,"menu_order":0,"comment_status":"closed","ping_status":"closed","template":"","meta":{"ngg_post_thumbnail":0,"footnotes":""},"class_list":["post-77","page","type-page","status-publish","hentry"],"_links":{"self":[{"href":"https:\/\/gesangverein-hofbieber.de\/index.php\/wp-json\/wp\/v2\/pages\/77","targetHints":{"allow":["GET"]}}],"collection":[{"href":"https:\/\/gesangverein-hofbieber.de\/index.php\/wp-json\/wp\/v2\/pages"}],"about":[{"href":"https:\/\/gesangverein-hofbieber.de\/index.php\/wp-json\/wp\/v2\/types\/page"}],"author":[{"embeddable":true,"href":"https:\/\/gesangverein-hofbieber.de\/index.php\/wp-json\/wp\/v2\/users\/1"}],"replies":[{"embeddable":true,"href":"https:\/\/gesangverein-hofbieber.de\/index.php\/wp-json\/wp\/v2\/comments?post=77"}],"version-history":[{"count":3,"href":"https:\/\/gesangverein-hofbieber.de\/index.php\/wp-json\/wp\/v2\/pages\/77\/revisions"}],"predecessor-version":[{"id":2993,"href":"https:\/\/gesangverein-hofbieber.de\/index.php\/wp-json\/wp\/v2\/pages\/77\/revisions\/2993"}],"wp:attachment":[{"href":"https:\/\/gesangverein-hofbieber.de\/index.php\/wp-json\/wp\/v2\/media?parent=77"}],"curies":[{"name":"wp","href":"https:\/\/api.w.org\/{rel}","templated":true}]}}