{"id":706,"date":"2014-08-04T19:21:48","date_gmt":"2014-08-04T17:21:48","guid":{"rendered":"http:\/\/gesangverein-hofbieber.de\/?page_id=706"},"modified":"2019-07-01T21:02:49","modified_gmt":"2019-07-01T19:02:49","slug":"kronungsmesse","status":"publish","type":"page","link":"https:\/\/gesangverein-hofbieber.de\/index.php\/konzerte\/kronungsmesse\/","title":{"rendered":"Kr\u00f6nungsmesse"},"content":{"rendered":"<p><a href=\"https:\/\/gesangverein-hofbieber.de\/wp-content\/uploads\/2014\/08\/mozart.jpg\"><img loading=\"lazy\" decoding=\"async\" class=\"alignleft  wp-image-793\" src=\"https:\/\/gesangverein-hofbieber.de\/wp-content\/uploads\/2014\/08\/mozart.jpg\" alt=\"Mozart\" width=\"281\" height=\"217\" srcset=\"https:\/\/gesangverein-hofbieber.de\/wp-content\/uploads\/2014\/08\/mozart.jpg 1549w, https:\/\/gesangverein-hofbieber.de\/wp-content\/uploads\/2014\/08\/mozart-1024x786.jpg 1024w\" sizes=\"auto, (max-width: 281px) 100vw, 281px\" \/><\/a>Der gemischte Chor des Gesangvereins Hofbieber hat am 22. und 23.11.2014 zusammen mit namhaften Solisten und dem Collegium Musicum die &#8222;Kr\u00f6nungsmesse&#8220; von Wolfgang Amadeus Mozart in der Pfarrkirche St. Georg in Hofbieber aufgef\u00fchrt.<\/p>\n<p>Lesen Sie hier die Kritik aus der Fuldaer Zeitung:<\/p>\n<p><a href=\"https:\/\/gesangverein-hofbieber.de\/wp-content\/uploads\/2014\/08\/2014-1125-kritik-fz.pdf\">2014 1125 Kritik FZ<\/a><\/p>\n<p>Der Name Kr\u00f6nungsmesse ist erst f\u00fcr das Jahr 1873 schriftlich nachgewiesen. Sehr wahrscheinlich wurde die Messe f\u00fcr den Ostergottesdienst 1779 am <a href=\"http:\/\/de.wikipedia.org\/wiki\/Salzburger_Dom\">Salzburger Dom<\/a>, der auf den 4. April fiel, komponiert, Mozart datierte sie am 23. M\u00e4rz 1779.<\/p>\n<p>Eingerahmt wurde dieses Zeugnis der gro\u00dfartigen Schaffenskraft Mozarts durch das &#8222;Magnificat&#8220;) des gro\u00dfen Italieners Antonio Vivaldi (* <a href=\"http:\/\/de.wikipedia.org\/wiki\/4._M%C3%A4rz\">4. M\u00e4rz<\/a> <a href=\"http:\/\/de.wikipedia.org\/wiki\/1678\">1678<\/a> in <a href=\"http:\/\/de.wikipedia.org\/wiki\/Venedig\">Venedig<\/a>; \u2020 <a href=\"http:\/\/de.wikipedia.org\/wiki\/28._Juli\">28. Juli<\/a> <a href=\"http:\/\/de.wikipedia.org\/wiki\/1741\">1741<\/a> in <a href=\"http:\/\/de.wikipedia.org\/wiki\/Wien\">Wien<\/a>) und durch kirchenmusikalische Beitr\u00e4ge des \u201eKleinen Chores\u201c.<\/p>\n<p>Tolle Fotos von Albert Kirchner: ngg_shortcode_0_placeholder<\/p>\n<p>Folgende Solistinnen\/Solisten haben das Konzert mitgestaltet:<\/p>\n<p>Sopran: Julia Borgasch<\/p>\n<p>Alt: Christine Mittermair<\/p>\n<p>Tenor: Steffen Schwendner<\/p>\n<p>Bass: Franz-Peter Huber<\/p>\n<p>Hier finden Sie weitere Informationen zu den Solisten <a href=\"https:\/\/gesangverein-hofbieber.de\/wp-content\/uploads\/2014\/08\/info-solisten.pdf\">Info Solisten<\/a><\/p>\n<p><a href=\"https:\/\/gesangverein-hofbieber.de\/wp-content\/uploads\/2014\/08\/2014-11-kroenungsmesse-1.jpg\"><img loading=\"lazy\" decoding=\"async\" class=\"alignleft size-full wp-image-815\" src=\"https:\/\/gesangverein-hofbieber.de\/wp-content\/uploads\/2014\/08\/2014-11-kroenungsmesse-1.jpg\" alt=\"2014 11 Kr\u00f6nungsmesse 1\" width=\"4896\" height=\"3672\" srcset=\"https:\/\/gesangverein-hofbieber.de\/wp-content\/uploads\/2014\/08\/2014-11-kroenungsmesse-1.jpg 4896w, https:\/\/gesangverein-hofbieber.de\/wp-content\/uploads\/2014\/08\/2014-11-kroenungsmesse-1-300x225.jpg 300w, https:\/\/gesangverein-hofbieber.de\/wp-content\/uploads\/2014\/08\/2014-11-kroenungsmesse-1-1024x768.jpg 1024w, https:\/\/gesangverein-hofbieber.de\/wp-content\/uploads\/2014\/08\/2014-11-kroenungsmesse-1-600x450.jpg 600w\" sizes=\"auto, (max-width: 4896px) 100vw, 4896px\" \/><\/a><\/p>\n<p><a href=\"https:\/\/gesangverein-hofbieber.de\/wp-content\/uploads\/2014\/08\/kroenungsmesse-plakat.jpg\"><img loading=\"lazy\" decoding=\"async\" class=\"alignleft size-full wp-image-813\" src=\"https:\/\/gesangverein-hofbieber.de\/wp-content\/uploads\/2014\/08\/kroenungsmesse-plakat.jpg\" alt=\"Kr\u00f6nungsmesse Plakat\" width=\"600\" height=\"853\" srcset=\"https:\/\/gesangverein-hofbieber.de\/wp-content\/uploads\/2014\/08\/kroenungsmesse-plakat.jpg 600w, https:\/\/gesangverein-hofbieber.de\/wp-content\/uploads\/2014\/08\/kroenungsmesse-plakat-211x300.jpg 211w\" sizes=\"auto, (max-width: 600px) 100vw, 600px\" \/><\/a><\/p>\n<p>Als<\/p>\n<p>&nbsp;<\/p>\n<p>&nbsp;<\/p>\n<p>&nbsp;<\/p>\n","protected":false},"excerpt":{"rendered":"<p>Der gemischte Chor des Gesangvereins Hofbieber hat am 22. und 23.11.2014 zusammen mit namhaften Solisten und dem Collegium Musicum die &#8222;Kr\u00f6nungsmesse&#8220; von Wolfgang Amadeus Mozart in der Pfarrkirche St. Georg in Hofbieber aufgef\u00fchrt. Lesen Sie hier die Kritik aus der &hellip; <a href=\"https:\/\/gesangverein-hofbieber.de\/index.php\/konzerte\/kronungsmesse\/\">Continue reading <span class=\"meta-nav\">&rarr;<\/span><\/a><\/p>\n","protected":false},"author":1,"featured_media":0,"parent":195,"menu_order":0,"comment_status":"closed","ping_status":"closed","template":"","meta":{"ngg_post_thumbnail":0,"footnotes":""},"class_list":["post-706","page","type-page","status-publish","hentry"],"_links":{"self":[{"href":"https:\/\/gesangverein-hofbieber.de\/index.php\/wp-json\/wp\/v2\/pages\/706","targetHints":{"allow":["GET"]}}],"collection":[{"href":"https:\/\/gesangverein-hofbieber.de\/index.php\/wp-json\/wp\/v2\/pages"}],"about":[{"href":"https:\/\/gesangverein-hofbieber.de\/index.php\/wp-json\/wp\/v2\/types\/page"}],"author":[{"embeddable":true,"href":"https:\/\/gesangverein-hofbieber.de\/index.php\/wp-json\/wp\/v2\/users\/1"}],"replies":[{"embeddable":true,"href":"https:\/\/gesangverein-hofbieber.de\/index.php\/wp-json\/wp\/v2\/comments?post=706"}],"version-history":[{"count":0,"href":"https:\/\/gesangverein-hofbieber.de\/index.php\/wp-json\/wp\/v2\/pages\/706\/revisions"}],"up":[{"embeddable":true,"href":"https:\/\/gesangverein-hofbieber.de\/index.php\/wp-json\/wp\/v2\/pages\/195"}],"wp:attachment":[{"href":"https:\/\/gesangverein-hofbieber.de\/index.php\/wp-json\/wp\/v2\/media?parent=706"}],"curies":[{"name":"wp","href":"https:\/\/api.w.org\/{rel}","templated":true}]}}