{"id":417,"date":"2013-09-19T20:26:27","date_gmt":"2013-09-19T18:26:27","guid":{"rendered":"http:\/\/gesangverein-hofbieber.de\/?page_id=417"},"modified":"2019-07-01T21:07:12","modified_gmt":"2019-07-01T19:07:12","slug":"besuch-aus-kecskemet","status":"publish","type":"page","link":"https:\/\/gesangverein-hofbieber.de\/index.php\/veranstaltungen\/besuch-aus-kecskemet\/","title":{"rendered":"Besuch aus Kecskem\u00e9t"},"content":{"rendered":"<p>Vom 30.10. &#8211; 04.11.2012 besuchte uns das &#8222;Lak\u00f3 S\u00e1ndor Kammerorchester Kecskem\u00e9t \/ Ungarn&#8220; Neben einem gemeinsamen Konzert wurde auch viel gemeinsam unternommen. Im Oktober 2013 werden wir nach Ungarn reisen.\n\t\t<style type=\"text\/css\">\n\t\t\t#gallery-1 {\n\t\t\t\tmargin: auto;\n\t\t\t}\n\t\t\t#gallery-1 .gallery-item {\n\t\t\t\tfloat: left;\n\t\t\t\tmargin-top: 10px;\n\t\t\t\ttext-align: center;\n\t\t\t\twidth: 33%;\n\t\t\t}\n\t\t\t#gallery-1 img {\n\t\t\t\tborder: 2px solid #cfcfcf;\n\t\t\t}\n\t\t\t#gallery-1 .gallery-caption {\n\t\t\t\tmargin-left: 0;\n\t\t\t}\n\t\t\t\/* see gallery_shortcode() in wp-includes\/media.php *\/\n\t\t<\/style>\n\t\t<div id='gallery-1' class='gallery galleryid-417 gallery-columns-3 gallery-size-thumbnail'><dl class='gallery-item'>\n\t\t\t<dt class='gallery-icon portrait'>\n\t\t\t\t<a href='https:\/\/gesangverein-hofbieber.de\/index.php\/veranstaltungen\/besuch-aus-kecskemet\/img_0357\/'><img loading=\"lazy\" decoding=\"async\" width=\"150\" height=\"150\" src=\"https:\/\/gesangverein-hofbieber.de\/wp-content\/uploads\/2013\/09\/IMG_0357-150x150.jpg\" class=\"attachment-thumbnail size-thumbnail\" alt=\"\" aria-describedby=\"gallery-1-451\" \/><\/a>\n\t\t\t<\/dt>\n\t\t\t\t<dd class='wp-caption-text gallery-caption' id='gallery-1-451'>\n\t\t\t\tBerthold h\u00e4lt Leib und Seele zusammen.\n\t\t\t\t<\/dd><\/dl><dl class='gallery-item'>\n\t\t\t<dt class='gallery-icon landscape'>\n\t\t\t\t<a href='https:\/\/gesangverein-hofbieber.de\/index.php\/veranstaltungen\/besuch-aus-kecskemet\/img_0355\/'><img loading=\"lazy\" decoding=\"async\" width=\"150\" height=\"150\" src=\"https:\/\/gesangverein-hofbieber.de\/wp-content\/uploads\/2013\/09\/IMG_0355-150x150.jpg\" class=\"attachment-thumbnail size-thumbnail\" alt=\"\" \/><\/a>\n\t\t\t<\/dt><\/dl><dl class='gallery-item'>\n\t\t\t<dt class='gallery-icon landscape'>\n\t\t\t\t<a href='https:\/\/gesangverein-hofbieber.de\/index.php\/veranstaltungen\/besuch-aus-kecskemet\/img_0354\/'><img loading=\"lazy\" decoding=\"async\" width=\"150\" height=\"150\" src=\"https:\/\/gesangverein-hofbieber.de\/wp-content\/uploads\/2013\/09\/IMG_0354-150x150.jpg\" class=\"attachment-thumbnail size-thumbnail\" alt=\"\" \/><\/a>\n\t\t\t<\/dt><\/dl><br style=\"clear: both\" \/><dl class='gallery-item'>\n\t\t\t<dt class='gallery-icon landscape'>\n\t\t\t\t<a href='https:\/\/gesangverein-hofbieber.de\/index.php\/veranstaltungen\/besuch-aus-kecskemet\/img_0353\/'><img loading=\"lazy\" decoding=\"async\" width=\"150\" height=\"150\" src=\"https:\/\/gesangverein-hofbieber.de\/wp-content\/uploads\/2013\/09\/IMG_0353-150x150.jpg\" class=\"attachment-thumbnail size-thumbnail\" alt=\"\" aria-describedby=\"gallery-1-448\" \/><\/a>\n\t\t\t<\/dt>\n\t\t\t\t<dd class='wp-caption-text gallery-caption' id='gallery-1-448'>\n\t\t\t\tAbschiedsfoto\n\t\t\t\t<\/dd><\/dl><dl class='gallery-item'>\n\t\t\t<dt class='gallery-icon landscape'>\n\t\t\t\t<a href='https:\/\/gesangverein-hofbieber.de\/index.php\/veranstaltungen\/besuch-aus-kecskemet\/img_0352\/'><img loading=\"lazy\" decoding=\"async\" width=\"150\" height=\"150\" src=\"https:\/\/gesangverein-hofbieber.de\/wp-content\/uploads\/2013\/09\/IMG_0352-150x150.jpg\" class=\"attachment-thumbnail size-thumbnail\" alt=\"\" \/><\/a>\n\t\t\t<\/dt><\/dl><dl class='gallery-item'>\n\t\t\t<dt class='gallery-icon landscape'>\n\t\t\t\t<a href='https:\/\/gesangverein-hofbieber.de\/index.php\/veranstaltungen\/besuch-aus-kecskemet\/img_0343\/'><img loading=\"lazy\" decoding=\"async\" width=\"150\" height=\"150\" src=\"https:\/\/gesangverein-hofbieber.de\/wp-content\/uploads\/2013\/09\/IMG_0343-150x150.jpg\" class=\"attachment-thumbnail size-thumbnail\" alt=\"\" \/><\/a>\n\t\t\t<\/dt><\/dl><br style=\"clear: both\" \/><dl class='gallery-item'>\n\t\t\t<dt class='gallery-icon landscape'>\n\t\t\t\t<a href='https:\/\/gesangverein-hofbieber.de\/index.php\/veranstaltungen\/besuch-aus-kecskemet\/img_0335\/'><img loading=\"lazy\" decoding=\"async\" width=\"150\" height=\"150\" src=\"https:\/\/gesangverein-hofbieber.de\/wp-content\/uploads\/2013\/09\/IMG_0335-150x150.jpg\" class=\"attachment-thumbnail size-thumbnail\" alt=\"\" \/><\/a>\n\t\t\t<\/dt><\/dl><dl class='gallery-item'>\n\t\t\t<dt class='gallery-icon landscape'>\n\t\t\t\t<a href='https:\/\/gesangverein-hofbieber.de\/index.php\/veranstaltungen\/besuch-aus-kecskemet\/img_0331\/'><img loading=\"lazy\" decoding=\"async\" width=\"150\" height=\"150\" src=\"https:\/\/gesangverein-hofbieber.de\/wp-content\/uploads\/2013\/09\/IMG_0331-150x150.jpg\" class=\"attachment-thumbnail size-thumbnail\" alt=\"\" \/><\/a>\n\t\t\t<\/dt><\/dl><dl class='gallery-item'>\n\t\t\t<dt class='gallery-icon landscape'>\n\t\t\t\t<a href='https:\/\/gesangverein-hofbieber.de\/index.php\/veranstaltungen\/besuch-aus-kecskemet\/img_0321\/'><img loading=\"lazy\" decoding=\"async\" width=\"150\" height=\"150\" src=\"https:\/\/gesangverein-hofbieber.de\/wp-content\/uploads\/2013\/09\/IMG_0321-150x150.jpg\" class=\"attachment-thumbnail size-thumbnail\" alt=\"\" \/><\/a>\n\t\t\t<\/dt><\/dl><br style=\"clear: both\" \/><dl class='gallery-item'>\n\t\t\t<dt class='gallery-icon landscape'>\n\t\t\t\t<a href='https:\/\/gesangverein-hofbieber.de\/index.php\/veranstaltungen\/besuch-aus-kecskemet\/img_0308\/'><img loading=\"lazy\" decoding=\"async\" width=\"150\" height=\"150\" src=\"https:\/\/gesangverein-hofbieber.de\/wp-content\/uploads\/2013\/09\/IMG_0308-150x150.jpg\" class=\"attachment-thumbnail size-thumbnail\" alt=\"\" \/><\/a>\n\t\t\t<\/dt><\/dl><dl class='gallery-item'>\n\t\t\t<dt class='gallery-icon landscape'>\n\t\t\t\t<a href='https:\/\/gesangverein-hofbieber.de\/index.php\/veranstaltungen\/besuch-aus-kecskemet\/img_0286\/'><img loading=\"lazy\" decoding=\"async\" width=\"150\" height=\"150\" src=\"https:\/\/gesangverein-hofbieber.de\/wp-content\/uploads\/2013\/09\/IMG_0286-150x150.jpg\" class=\"attachment-thumbnail size-thumbnail\" alt=\"\" \/><\/a>\n\t\t\t<\/dt><\/dl><dl class='gallery-item'>\n\t\t\t<dt class='gallery-icon landscape'>\n\t\t\t\t<a href='https:\/\/gesangverein-hofbieber.de\/index.php\/veranstaltungen\/besuch-aus-kecskemet\/img_0279\/'><img loading=\"lazy\" decoding=\"async\" width=\"150\" height=\"150\" src=\"https:\/\/gesangverein-hofbieber.de\/wp-content\/uploads\/2013\/09\/IMG_0279-150x150.jpg\" class=\"attachment-thumbnail size-thumbnail\" alt=\"\" \/><\/a>\n\t\t\t<\/dt><\/dl><br style=\"clear: both\" \/><dl class='gallery-item'>\n\t\t\t<dt class='gallery-icon landscape'>\n\t\t\t\t<a href='https:\/\/gesangverein-hofbieber.de\/index.php\/veranstaltungen\/besuch-aus-kecskemet\/img_0233\/'><img loading=\"lazy\" decoding=\"async\" width=\"150\" height=\"150\" src=\"https:\/\/gesangverein-hofbieber.de\/wp-content\/uploads\/2013\/09\/IMG_0233-150x150.jpg\" class=\"attachment-thumbnail size-thumbnail\" alt=\"\" \/><\/a>\n\t\t\t<\/dt><\/dl><dl class='gallery-item'>\n\t\t\t<dt class='gallery-icon landscape'>\n\t\t\t\t<a href='https:\/\/gesangverein-hofbieber.de\/index.php\/veranstaltungen\/besuch-aus-kecskemet\/img_0225\/'><img loading=\"lazy\" decoding=\"async\" width=\"150\" height=\"150\" src=\"https:\/\/gesangverein-hofbieber.de\/wp-content\/uploads\/2013\/09\/IMG_0225-150x150.jpg\" class=\"attachment-thumbnail size-thumbnail\" alt=\"\" \/><\/a>\n\t\t\t<\/dt><\/dl><dl class='gallery-item'>\n\t\t\t<dt class='gallery-icon landscape'>\n\t\t\t\t<a href='https:\/\/gesangverein-hofbieber.de\/index.php\/veranstaltungen\/besuch-aus-kecskemet\/img_0224\/'><img loading=\"lazy\" decoding=\"async\" width=\"150\" height=\"150\" src=\"https:\/\/gesangverein-hofbieber.de\/wp-content\/uploads\/2013\/09\/IMG_0224-150x150.jpg\" class=\"attachment-thumbnail size-thumbnail\" alt=\"\" \/><\/a>\n\t\t\t<\/dt><\/dl><br style=\"clear: both\" \/><dl class='gallery-item'>\n\t\t\t<dt class='gallery-icon landscape'>\n\t\t\t\t<a href='https:\/\/gesangverein-hofbieber.de\/index.php\/veranstaltungen\/besuch-aus-kecskemet\/img_0223\/'><img loading=\"lazy\" decoding=\"async\" width=\"150\" height=\"150\" src=\"https:\/\/gesangverein-hofbieber.de\/wp-content\/uploads\/2013\/09\/IMG_0223-150x150.jpg\" class=\"attachment-thumbnail size-thumbnail\" alt=\"\" \/><\/a>\n\t\t\t<\/dt><\/dl><dl class='gallery-item'>\n\t\t\t<dt class='gallery-icon landscape'>\n\t\t\t\t<a href='https:\/\/gesangverein-hofbieber.de\/index.php\/veranstaltungen\/besuch-aus-kecskemet\/img_0208\/'><img loading=\"lazy\" decoding=\"async\" width=\"150\" height=\"150\" src=\"https:\/\/gesangverein-hofbieber.de\/wp-content\/uploads\/2013\/09\/IMG_0208-150x150.jpg\" class=\"attachment-thumbnail size-thumbnail\" alt=\"\" \/><\/a>\n\t\t\t<\/dt><\/dl>\n\t\t\t<br style='clear: both' \/>\n\t\t<\/div>\n<\/p>\n<p>&nbsp;<\/p>\n","protected":false},"excerpt":{"rendered":"<p>Vom 30.10. &#8211; 04.11.2012 besuchte uns das &#8222;Lak\u00f3 S\u00e1ndor Kammerorchester Kecskem\u00e9t \/ Ungarn&#8220; Neben einem gemeinsamen Konzert wurde auch viel gemeinsam unternommen. Im Oktober 2013 werden wir nach Ungarn reisen. &nbsp;<\/p>\n","protected":false},"author":1,"featured_media":451,"parent":1690,"menu_order":0,"comment_status":"closed","ping_status":"closed","template":"","meta":{"ngg_post_thumbnail":0,"footnotes":""},"class_list":["post-417","page","type-page","status-publish","has-post-thumbnail","hentry"],"_links":{"self":[{"href":"https:\/\/gesangverein-hofbieber.de\/index.php\/wp-json\/wp\/v2\/pages\/417","targetHints":{"allow":["GET"]}}],"collection":[{"href":"https:\/\/gesangverein-hofbieber.de\/index.php\/wp-json\/wp\/v2\/pages"}],"about":[{"href":"https:\/\/gesangverein-hofbieber.de\/index.php\/wp-json\/wp\/v2\/types\/page"}],"author":[{"embeddable":true,"href":"https:\/\/gesangverein-hofbieber.de\/index.php\/wp-json\/wp\/v2\/users\/1"}],"replies":[{"embeddable":true,"href":"https:\/\/gesangverein-hofbieber.de\/index.php\/wp-json\/wp\/v2\/comments?post=417"}],"version-history":[{"count":0,"href":"https:\/\/gesangverein-hofbieber.de\/index.php\/wp-json\/wp\/v2\/pages\/417\/revisions"}],"up":[{"embeddable":true,"href":"https:\/\/gesangverein-hofbieber.de\/index.php\/wp-json\/wp\/v2\/pages\/1690"}],"wp:featuredmedia":[{"embeddable":true,"href":"https:\/\/gesangverein-hofbieber.de\/index.php\/wp-json\/wp\/v2\/media\/451"}],"wp:attachment":[{"href":"https:\/\/gesangverein-hofbieber.de\/index.php\/wp-json\/wp\/v2\/media?parent=417"}],"curies":[{"name":"wp","href":"https:\/\/api.w.org\/{rel}","templated":true}]}}