{"id":293,"date":"2012-12-25T14:02:34","date_gmt":"2012-12-25T13:02:34","guid":{"rendered":"http:\/\/gesangverein-hofbieber.de\/?page_id=293"},"modified":"2019-07-01T21:05:35","modified_gmt":"2019-07-01T19:05:35","slug":"130-jahriges-jubilaum","status":"publish","type":"page","link":"https:\/\/gesangverein-hofbieber.de\/index.php\/veranstaltungen\/130-jahriges-jubilaum\/","title":{"rendered":"130-j\u00e4hriges Jubil\u00e4um"},"content":{"rendered":"<p>2012 ist das Jahr unseres 130-j\u00e4hrigen Vereinsbestehens. Vom 30.8. bis zum 01.09. wurde dies ausgiebig gefeiert. Zu Beginn des Festwochenendes, am Donnerstag den 30.8. gab es anspruchsvolle Comedy mit Wolf &amp; Bleuel, am 31.8. fand ein Liederabend statt und das gro\u00dfe Finale war der Gaudiabend, an dem im mittelalterlichen Ambiente die \u00f6rtlichen Vereine Wettk\u00e4mpfe durchf\u00fchrten. Musikalisch umrahmt wurde der Gaudiabend von der Gruppe Sagenhaft aus Kaltennortheim und dem Bl\u00e4serensemble 8-Zylinder sowie den Rh\u00f6nm\u00e4hern.<\/p>\n<p><a href=\"https:\/\/gesangverein-hofbieber.de\/wp-content\/uploads\/2012\/05\/2012-0712-Plakatwerbung1.jpg\"><img loading=\"lazy\" decoding=\"async\" class=\"alignright  wp-image-67\" alt=\"2012 0712 Plakatwerbung\" src=\"https:\/\/gesangverein-hofbieber.de\/wp-content\/uploads\/2012\/05\/2012-0712-Plakatwerbung1.jpg\" width=\"371\" height=\"570\" \/><\/a>Unten sehen Sie eine kurze Bildershow. Dazu einfach einen Moment warten.<\/p>\nngg_shortcode_0_placeholder\n<p>&nbsp;<\/p>\n<p>&nbsp;<\/p>\n","protected":false},"excerpt":{"rendered":"<p>2012 ist das Jahr unseres 130-j\u00e4hrigen Vereinsbestehens. Vom 30.8. bis zum 01.09. wurde dies ausgiebig gefeiert. Zu Beginn des Festwochenendes, am Donnerstag den 30.8. gab es anspruchsvolle Comedy mit Wolf &amp; Bleuel, am 31.8. fand ein Liederabend statt und das &hellip; <a href=\"https:\/\/gesangverein-hofbieber.de\/index.php\/veranstaltungen\/130-jahriges-jubilaum\/\">Continue reading <span class=\"meta-nav\">&rarr;<\/span><\/a><\/p>\n","protected":false},"author":1,"featured_media":67,"parent":1690,"menu_order":0,"comment_status":"closed","ping_status":"closed","template":"","meta":{"ngg_post_thumbnail":0,"footnotes":""},"class_list":["post-293","page","type-page","status-publish","has-post-thumbnail","hentry"],"_links":{"self":[{"href":"https:\/\/gesangverein-hofbieber.de\/index.php\/wp-json\/wp\/v2\/pages\/293","targetHints":{"allow":["GET"]}}],"collection":[{"href":"https:\/\/gesangverein-hofbieber.de\/index.php\/wp-json\/wp\/v2\/pages"}],"about":[{"href":"https:\/\/gesangverein-hofbieber.de\/index.php\/wp-json\/wp\/v2\/types\/page"}],"author":[{"embeddable":true,"href":"https:\/\/gesangverein-hofbieber.de\/index.php\/wp-json\/wp\/v2\/users\/1"}],"replies":[{"embeddable":true,"href":"https:\/\/gesangverein-hofbieber.de\/index.php\/wp-json\/wp\/v2\/comments?post=293"}],"version-history":[{"count":0,"href":"https:\/\/gesangverein-hofbieber.de\/index.php\/wp-json\/wp\/v2\/pages\/293\/revisions"}],"up":[{"embeddable":true,"href":"https:\/\/gesangverein-hofbieber.de\/index.php\/wp-json\/wp\/v2\/pages\/1690"}],"wp:featuredmedia":[{"embeddable":true,"href":"https:\/\/gesangverein-hofbieber.de\/index.php\/wp-json\/wp\/v2\/media\/67"}],"wp:attachment":[{"href":"https:\/\/gesangverein-hofbieber.de\/index.php\/wp-json\/wp\/v2\/media?parent=293"}],"curies":[{"name":"wp","href":"https:\/\/api.w.org\/{rel}","templated":true}]}}