{"id":2852,"date":"2025-08-05T14:11:34","date_gmt":"2025-08-05T12:11:34","guid":{"rendered":"https:\/\/gesangverein-hofbieber.de\/?page_id=2852"},"modified":"2025-11-10T16:29:50","modified_gmt":"2025-11-10T15:29:50","slug":"benefitzkonzert-christuskirche","status":"publish","type":"page","link":"https:\/\/gesangverein-hofbieber.de\/index.php\/benefitzkonzert-christuskirche\/","title":{"rendered":"Benefizkonzert in der Christuskirche Fulda"},"content":{"rendered":"\n<h1 class=\"wp-block-heading has-text-align-center\"><strong>am Samstag, 29. November 2025 (1. Adventswochenende) um 18:00 Uhr<\/strong><\/h1>\n\n\n\n<div class=\"wp-block-media-text is-stacked-on-mobile\" style=\"grid-template-columns:20% auto\"><figure class=\"wp-block-media-text__media\"><img loading=\"lazy\" decoding=\"async\" width=\"347\" height=\"510\" src=\"https:\/\/gesangverein-hofbieber.de\/wp-content\/uploads\/2025\/11\/benefiz.jpg\" alt=\"\" class=\"wp-image-2940 size-full\" srcset=\"https:\/\/gesangverein-hofbieber.de\/wp-content\/uploads\/2025\/11\/benefiz.jpg 347w, https:\/\/gesangverein-hofbieber.de\/wp-content\/uploads\/2025\/11\/benefiz-204x300.jpg 204w\" sizes=\"auto, (max-width: 347px) 100vw, 347px\" \/><\/figure><div class=\"wp-block-media-text__content\">\n<p class=\"has-text-align-center has-medium-font-size\">Wir m\u00f6chten mit unserem Konzert gemeinsam mit dem Collegium Musicum Fulda einerseits den Kinderhospizdienst der Malteser und andererseits die Betreuung psychisch kranker Menschen durch die Diakonie unterst\u00fctzen.<\/p>\n\n\n\n<p class=\"has-text-align-center has-medium-font-size\"> Daher verzichten wir auf den Eintritt und die Solisten auf ihr Honorar.<\/p>\n\n\n\n<p class=\"has-text-align-center has-medium-font-size\">Im Anschluss an das Konzert bitten wir um eine gro\u00dfz\u00fcgige Spende f\u00fcr den <br><strong>Malteser<\/strong> <strong>Kinderhospiz- und Familienbegleitdienst Main-Kinzig-Fulda<\/strong><br>und das <br><strong>Betreuungsangebot f\u00fcr psychisch erkrankte Menschen<\/strong> der <strong>Diakonie Fulda<\/strong>.<\/p>\n\n\n\n<p><\/p>\n<\/div><\/div>\n\n\n\n<hr class=\"wp-block-separator has-alpha-channel-opacity is-style-dots\"\/>\n\n\n\n<h1 class=\"wp-block-heading has-text-align-center has-x-large-font-size\">Kinderhospiz- und Familienbegleitdienst Main-Kinzig-Fulda<\/h1>\n\n\n\n<div class=\"wp-block-columns is-layout-flex wp-container-core-columns-is-layout-9d6595d7 wp-block-columns-is-layout-flex\">\n<div class=\"wp-block-column is-layout-flow wp-block-column-is-layout-flow\">\n<figure class=\"wp-block-image size-large\"><img loading=\"lazy\" decoding=\"async\" width=\"1024\" height=\"682\" src=\"https:\/\/gesangverein-hofbieber.de\/wp-content\/uploads\/2025\/08\/csm_Kinderhospizdienst-1024x682.jpg\" alt=\"\" class=\"wp-image-2853\" srcset=\"https:\/\/gesangverein-hofbieber.de\/wp-content\/uploads\/2025\/08\/csm_Kinderhospizdienst-1024x682.jpg 1024w, https:\/\/gesangverein-hofbieber.de\/wp-content\/uploads\/2025\/08\/csm_Kinderhospizdienst-300x200.jpg 300w, https:\/\/gesangverein-hofbieber.de\/wp-content\/uploads\/2025\/08\/csm_Kinderhospizdienst-768x512.jpg 768w, https:\/\/gesangverein-hofbieber.de\/wp-content\/uploads\/2025\/08\/csm_Kinderhospizdienst.jpg 1400w\" sizes=\"auto, (max-width: 1024px) 100vw, 1024px\" \/><\/figure>\n<\/div>\n\n\n\n<div class=\"wp-block-column is-layout-flow wp-block-column-is-layout-flow\">\n<p class=\"has-medium-font-size\">F\u00fcr Kinder, ihre Familien und Freunde ver\u00e4ndert die Diagnose einer lebensverk\u00fcrzenden Krankheit das bisherige Leben von Grund auf. Die begrenzte gemeinsame Zeit ist kostbar f\u00fcr alle. In Fulda und dem Main-Kinzig-Kreis bietet der Kinderhospizdienst des Malteser Hilfsdienstes Familien in dieser schweren Zeit Unterst\u00fctzung an.<\/p>\n\n\n\n<p class=\"has-medium-font-size\">Mitarbeiterinnen und Mitarbeiter der Malteser nehmen sich Zeit f\u00fcr Familien mit Kindern und Jugendlichen, die eine lebensverk\u00fcrzende Krankheit haben. Sie unterst\u00fctzen \u00fcberall, wo Hilfe n\u00f6tig ist, und sind Gespr\u00e4chspartner f\u00fcr die erkrankten Kinder und Jugendlichen, deren Eltern, Geschwister und Freunde. Das Angebot wird \u00fcberwiegend ehrenamtlich erbracht und ist kostenfrei.<\/p>\n\n\n\n<p class=\"has-medium-font-size\">Der Malteser Kinderhospizdienst Main-Kinzig-Fulda wurde Anfang 2013 gegr\u00fcndet. Wir kooperieren mit den KinderPalliativTeams Frankfurt, Kassel und Gie\u00dfen.<\/p>\n\n\n\n<p class=\"has-medium-font-size\">Weitere Informationen zum <strong>Kinderhospiz- und Familienbegleitdienst Main-Kinzig-Fulda<\/strong> finden Sie auf <br>&#8211; der Seite der <a href=\"https:\/\/www.malteser-fulda.de\/angebote-und-leistungen\/hospizdienste-und-trauerarbeit\/kinderhospizdienst.html\">Malteser Fulda<\/a><br>&#8211; auf <a href=\"https:\/\/www.facebook.com\/MalteserKinderhospizdienstMkkFd\">Facebook<\/a> und <br>&#8211; im <a href=\"https:\/\/gesangverein-hofbieber.de\/wp-content\/uploads\/2025\/08\/Flyer-Kinderhospiz.pdf\">aktuellen Flyer<\/a>.<\/p>\n<\/div>\n<\/div>\n\n\n\n<h3 class=\"wp-block-heading has-large-font-size\"><strong>Spendenkonto<\/strong><\/h3>\n\n\n\n<div class=\"wp-block-group is-nowrap is-layout-flex wp-container-core-group-is-layout-ad2f72ca wp-block-group-is-layout-flex\"><div class=\"wp-block-image\">\n<figure class=\"aligncenter size-medium is-resized\"><img loading=\"lazy\" decoding=\"async\" width=\"300\" height=\"300\" src=\"https:\/\/gesangverein-hofbieber.de\/wp-content\/uploads\/2025\/08\/KinderhospizQR-300x300.gif\" alt=\"\" class=\"wp-image-2872\" style=\"object-fit:cover;width:185px;height:185px\" srcset=\"https:\/\/gesangverein-hofbieber.de\/wp-content\/uploads\/2025\/08\/KinderhospizQR-300x300.gif 300w, https:\/\/gesangverein-hofbieber.de\/wp-content\/uploads\/2025\/08\/KinderhospizQR-150x150.gif 150w\" sizes=\"auto, (max-width: 300px) 100vw, 300px\" \/><\/figure>\n<\/div>\n\n\n<p><\/p>\n\n\n\n<p class=\"has-medium-font-size\">Empf\u00e4nger: <strong>Malteser Hilfsdienst e.V<\/strong>.<br>Stichwort: <strong>Kinderhospizdienst<\/strong><br>IBAN: DE97 3706 0193 4006 4700 80<br>BIC: GENODED1PAX<br>Pax-Bank eG K\u00f6ln<\/p>\n<\/div>\n\n\n\n<hr class=\"wp-block-separator has-alpha-channel-opacity is-style-wide\"\/>\n\n\n\n<h1 class=\"wp-block-heading has-text-align-center has-x-large-font-size\">Diakonie Fulda<\/h1>\n\n\n\n<h3 class=\"wp-block-heading\"><a href=\"https:\/\/www.diakonie-fulda.de\/tagesstaette\/\">Tagesst\u00e4tte f\u00fcr psychisch erkrankte Menschen<\/a><\/h3>\n\n\n\n<p class=\"has-medium-font-size\">Unterst\u00fctzung f\u00fcr erwachsene Menschen, die psychisch erkrankt sind<\/p>\n\n\n\n<p class=\"has-medium-font-size\">Eine psychische Erkrankung kann jeden treffen. In unseren vier Tagesst\u00e4tten f\u00fcr psychisch erkrankte Menschen bieten wir Betroffenen Unterst\u00fctzung bei der Tagesstrukturierung und Freizeitgestaltung. Die tagesstrukturierenden Angebote helfen bei der Bew\u00e4ltigung des Lebensalltags und bieten Raum f\u00fcr soziale Kontakte.<\/p>\n\n\n\n<p class=\"has-medium-font-size\"><a href=\"https:\/\/gesangverein-hofbieber.de\/wp-content\/uploads\/2025\/10\/2023-08-03-Flyer-Tagesstaetten-TGS-klein.pdf\" data-type=\"attachment\" data-id=\"2906\">Flyer &#8222;Tagesst\u00e4tte&#8220;<\/a><\/p>\n\n\n\n<h3 class=\"wp-block-heading\"><a href=\"https:\/\/www.diakonie-fulda.de\/begleitetes-wohnen\/\">Begleitetes Wohnen<\/a><\/h3>\n\n\n\n<p class=\"has-medium-font-size\">Sozialp\u00e4dagogische Begleitung f\u00fcr psychisch erkrankte Menschen in ihrem Zuhause<\/p>\n\n\n\n<p class=\"has-medium-font-size\">Wir unterst\u00fctzen erwachsene Menschen, die psychisch erkrankt sind und Ihren Lebensalltag nicht mehr alleine bew\u00e4ltigen k\u00f6nnen. Wir suchen die Menschen in ihrer Wohnung auf und unterst\u00fctzen sie ganz individuell nach ihrem pers\u00f6nlichen Bedarf, damit sie weiterhin selbstst\u00e4ndig zu Hause wohnen k\u00f6nnen.<\/p>\n\n\n\n<p class=\"has-medium-font-size\"><a href=\"https:\/\/gesangverein-hofbieber.de\/wp-content\/uploads\/2025\/10\/2019-11-14-Flyer-Begleitetes-Wohnen-BeWo.pdf\" data-type=\"attachment\" data-id=\"2907\">Flyer &#8222;Begleitetes Wohnen&#8220;<\/a><\/p>\n\n\n\n<p class=\"has-medium-font-size\">Weitere Informationen zu <a href=\"https:\/\/www.diakonie-fulda.de\">Diakonie Fulda<\/a> auch den sozialen Medien <a href=\"http:\/\/www.facebook.com\/diakoniefulda\" target=\"_blank\" rel=\"noreferrer noopener\">Facebook<\/a> , <a href=\"https:\/\/twitter.com\/diakoniefulda\" target=\"_blank\" rel=\"noreferrer noopener\">Twitter<\/a> , <a href=\"https:\/\/www.instagram.com\/meinediakoniefulda\/\" target=\"_blank\" rel=\"noreferrer noopener\">Instagram<\/a><\/p>\n\n\n\n<h3 class=\"wp-block-heading has-large-font-size\"><strong>Spendenkonto<\/strong><\/h3>\n\n\n\n<div class=\"wp-block-columns are-vertically-aligned-center has-medium-font-size is-layout-flex wp-container-core-columns-is-layout-9d6595d7 wp-block-columns-is-layout-flex\">\n<div class=\"wp-block-column is-vertically-aligned-center is-layout-flow wp-block-column-is-layout-flow\" style=\"flex-basis:50%\">\n<p class=\"has-medium-font-size\">Evangelische Bank Kassel e.G.<br>IBAN: DE21 5206 0410 0000 0010 82<br>BIC: GENODEF1EK1<\/p>\n<\/div>\n\n\n\n<div class=\"wp-block-column is-vertically-aligned-center is-layout-flow wp-block-column-is-layout-flow\" style=\"flex-basis:50%\">\n<p class=\"has-medium-font-size\">Sparkasse Fulda<br>IBAN: DE73 5305 0180 0040 0085 81<br>BIC: HELADEF1FDS<\/p>\n<\/div>\n<\/div>\n\n\n\n<hr class=\"wp-block-separator has-alpha-channel-opacity\"\/>\n\n\n\n<p><\/p>\n","protected":false},"excerpt":{"rendered":"<p>am Samstag, 29. November 2025 (1. Adventswochenende) um 18:00 Uhr Wir m\u00f6chten mit unserem Konzert gemeinsam mit dem Collegium Musicum Fulda einerseits den Kinderhospizdienst der Malteser und andererseits die Betreuung psychisch kranker Menschen durch die Diakonie unterst\u00fctzen. Daher verzichten wir &hellip; <a href=\"https:\/\/gesangverein-hofbieber.de\/index.php\/benefitzkonzert-christuskirche\/\">Continue reading <span class=\"meta-nav\">&rarr;<\/span><\/a><\/p>\n","protected":false},"author":666667,"featured_media":0,"parent":0,"menu_order":0,"comment_status":"closed","ping_status":"closed","template":"","meta":{"ngg_post_thumbnail":0,"footnotes":""},"class_list":["post-2852","page","type-page","status-publish","hentry"],"_links":{"self":[{"href":"https:\/\/gesangverein-hofbieber.de\/index.php\/wp-json\/wp\/v2\/pages\/2852","targetHints":{"allow":["GET"]}}],"collection":[{"href":"https:\/\/gesangverein-hofbieber.de\/index.php\/wp-json\/wp\/v2\/pages"}],"about":[{"href":"https:\/\/gesangverein-hofbieber.de\/index.php\/wp-json\/wp\/v2\/types\/page"}],"author":[{"embeddable":true,"href":"https:\/\/gesangverein-hofbieber.de\/index.php\/wp-json\/wp\/v2\/users\/666667"}],"replies":[{"embeddable":true,"href":"https:\/\/gesangverein-hofbieber.de\/index.php\/wp-json\/wp\/v2\/comments?post=2852"}],"version-history":[{"count":0,"href":"https:\/\/gesangverein-hofbieber.de\/index.php\/wp-json\/wp\/v2\/pages\/2852\/revisions"}],"wp:attachment":[{"href":"https:\/\/gesangverein-hofbieber.de\/index.php\/wp-json\/wp\/v2\/media?parent=2852"}],"curies":[{"name":"wp","href":"https:\/\/api.w.org\/{rel}","templated":true}]}}