{"id":2522,"date":"2023-07-09T16:40:28","date_gmt":"2023-07-09T14:40:28","guid":{"rendered":"https:\/\/www.gesangverein-hofbieber.de\/?page_id=2522"},"modified":"2025-07-01T17:38:17","modified_gmt":"2025-07-01T15:38:17","slug":"werner-dietrich","status":"publish","type":"page","link":"https:\/\/gesangverein-hofbieber.de\/index.php\/werner-dietrich\/","title":{"rendered":"Werner Dietrich"},"content":{"rendered":"\n<div class=\"wp-block-media-text alignwide is-stacked-on-mobile\" style=\"grid-template-columns:26% auto\"><figure class=\"wp-block-media-text__media\"><img loading=\"lazy\" decoding=\"async\" width=\"154\" height=\"223\" src=\"http:\/\/www.gesangverein-hofbieber.de\/wp-content\/uploads\/2023\/03\/WernerDietrich.jpg\" alt=\"\" class=\"wp-image-2523 size-full\"\/><\/figure><div class=\"wp-block-media-text__content\">\n<p>Von Prof. Karl Fritz (Dommusikdirektor, Kirchenmusikinstitut Fulda) erhielt Werner Dietrich in Fulda Unterricht an der Orgel. Hierzu geh\u00f6rte auch das Fach Chorleitung. <\/p>\n\n\n\n<p>Seit \u00fcber 30 Jahren Chorleiter des M\u00e4nnergesangvereins 1919 Uffhausen, war Werner Dietrich Chorleiter des Frauenchores Uffhausen, der Gemischten Ch\u00f6re Steinbach und Bachrain sowie der M\u00e4nnerch\u00f6re Bimbach und Steinau. <\/p>\n\n\n\n<p>Werner Dietrich nahm regelm\u00e4\u00dfig an Chorleiterfortbildungen teil, u.a. Prof. Gerd Guglh\u00f6r, M\u00fcnchen, Stimmbildung. Zahlreiche Konzerte mit seinen Ch\u00f6ren, u.a. auch mit Streichorchestern oder Rockbands, dokumentieren seine musikalische Bandbreite und Vorstellungen von interessanter, abwechslungsreicher und anspruchsvoller Chormusik.<\/p>\n<\/div><\/div>\n\n\n\n<h3 class=\"wp-block-heading\">Vorherige Chorleiter<\/h3>\n\n\n\n<ul class=\"wp-block-list\">\n<li><a href=\"https:\/\/gesangverein-hofbieber.de\/index.php\/axel-daniel\/\" data-type=\"page\" data-id=\"2515\">Axel Daniel<\/a> 2019 &#8211; 2023<\/li>\n\n\n\n<li><a href=\"https:\/\/gesangverein-hofbieber.de\/index.php\/der-ehemalige-chorleiter\/\" data-type=\"page\" data-id=\"169\">Ulrich Moormann<\/a> 2018 &#8211; 2019<\/li>\n\n\n\n<li>Matthias Dickhut 2002 &#8211; 2018<\/li>\n\n\n\n<li>Werner Dietrich 2002 &#8211; 2002<\/li>\n\n\n\n<li>Konrad Mader 1952 &#8211; 2002<\/li>\n<\/ul>\n","protected":false},"excerpt":{"rendered":"<p>Von Prof. Karl Fritz (Dommusikdirektor, Kirchenmusikinstitut Fulda) erhielt Werner Dietrich in Fulda Unterricht an der Orgel. Hierzu geh\u00f6rte auch das Fach Chorleitung. Seit \u00fcber 30 Jahren Chorleiter des M\u00e4nnergesangvereins 1919 Uffhausen, war Werner Dietrich Chorleiter des Frauenchores Uffhausen, der Gemischten &hellip; <a href=\"https:\/\/gesangverein-hofbieber.de\/index.php\/werner-dietrich\/\">Continue reading <span class=\"meta-nav\">&rarr;<\/span><\/a><\/p>\n","protected":false},"author":666667,"featured_media":0,"parent":0,"menu_order":0,"comment_status":"closed","ping_status":"closed","template":"","meta":{"ngg_post_thumbnail":0,"footnotes":""},"class_list":["post-2522","page","type-page","status-publish","hentry"],"_links":{"self":[{"href":"https:\/\/gesangverein-hofbieber.de\/index.php\/wp-json\/wp\/v2\/pages\/2522","targetHints":{"allow":["GET"]}}],"collection":[{"href":"https:\/\/gesangverein-hofbieber.de\/index.php\/wp-json\/wp\/v2\/pages"}],"about":[{"href":"https:\/\/gesangverein-hofbieber.de\/index.php\/wp-json\/wp\/v2\/types\/page"}],"author":[{"embeddable":true,"href":"https:\/\/gesangverein-hofbieber.de\/index.php\/wp-json\/wp\/v2\/users\/666667"}],"replies":[{"embeddable":true,"href":"https:\/\/gesangverein-hofbieber.de\/index.php\/wp-json\/wp\/v2\/comments?post=2522"}],"version-history":[{"count":0,"href":"https:\/\/gesangverein-hofbieber.de\/index.php\/wp-json\/wp\/v2\/pages\/2522\/revisions"}],"wp:attachment":[{"href":"https:\/\/gesangverein-hofbieber.de\/index.php\/wp-json\/wp\/v2\/media?parent=2522"}],"curies":[{"name":"wp","href":"https:\/\/api.w.org\/{rel}","templated":true}]}}