{"id":2515,"date":"2023-03-14T21:57:49","date_gmt":"2023-03-14T20:57:49","guid":{"rendered":"https:\/\/www.gesangverein-hofbieber.de\/?page_id=2515"},"modified":"2026-02-19T21:49:27","modified_gmt":"2026-02-19T20:49:27","slug":"axel-daniel","status":"publish","type":"page","link":"https:\/\/gesangverein-hofbieber.de\/index.php\/axel-daniel\/","title":{"rendered":"Axel Daniel"},"content":{"rendered":"\n<div class=\"wp-block-media-text alignwide is-stacked-on-mobile is-vertically-aligned-center\" style=\"grid-template-columns:30% auto\"><figure class=\"wp-block-media-text__media\"><img loading=\"lazy\" decoding=\"async\" width=\"640\" height=\"640\" src=\"https:\/\/www.gesangverein-hofbieber.de\/wp-content\/uploads\/2021\/11\/jobs-2065271_640.jpg\" alt=\"\" class=\"wp-image-2157 size-full\" srcset=\"https:\/\/gesangverein-hofbieber.de\/wp-content\/uploads\/2021\/11\/jobs-2065271_640.jpg 640w, https:\/\/gesangverein-hofbieber.de\/wp-content\/uploads\/2021\/11\/jobs-2065271_640-300x300.jpg 300w, https:\/\/gesangverein-hofbieber.de\/wp-content\/uploads\/2021\/11\/jobs-2065271_640-150x150.jpg 150w\" sizes=\"auto, (max-width: 640px) 100vw, 640px\" \/><\/figure><div class=\"wp-block-media-text__content\">\n<h2 class=\"wp-block-heading\">Axel Daniel<\/h2>\n\n\n\n<p class=\"has-medium-font-size\">hat von 2019 bis 2023 die Leitung des Gesangvereins Hofbieber \u00fcbernommen.<\/p>\n\n\n\n<p class=\"has-medium-font-size\">verheiratet mit Frau Ulrike und Vater von 4 Kindern.<\/p>\n\n\n\n<p class=\"has-medium-font-size\">Geboren 1955 und aufgewachsen in Ellwangen an der Jagst studierte er nach dem Abitur in Mannheim Musik und Geschichte f\u00fcr das Lehramt. <\/p>\n\n\n\n<p class=\"has-medium-font-size\">In den Jahren 1985 bis 2001 wirkte er als Internatslehrer auf Schloss Bieberstein und wechselte danach an die Ulstertalschule Hilders, an der er mit Sch\u00fclern mehrere Musicals und die Oper &#8222;Die Zauberfl\u00f6te&#8220; zur Auff\u00fchrung brachte.<\/p>\n\n\n\n<p class=\"has-medium-font-size\">Er war Chorleiter von 2019 &#8211; 2023 und begleitet uns weiterhin bei einigen Konzerten am Klavier.<\/p>\n<\/div><\/div>\n\n\n\n<h3 class=\"wp-block-heading\">Unsere Chorleiter<\/h3>\n\n\n\n<ul class=\"wp-block-list\">\n<li><a href=\"https:\/\/gesangverein-hofbieber.de\/index.php\/werner_dietrich\/\" data-type=\"page\" data-id=\"1730\">Werner Dietrich<\/a> 2023 &#8211; heute<\/li>\n\n\n\n<li><a href=\"https:\/\/gesangverein-hofbieber.de\/index.php\/axel-daniel\/\" data-type=\"page\" data-id=\"2515\">Axel Daniel<\/a> 2019 &#8211; 2023<\/li>\n\n\n\n<li><a href=\"https:\/\/gesangverein-hofbieber.de\/index.php\/ulrich_moormann\/\" data-type=\"page\" data-id=\"169\">Ulrich Moormann<\/a> 2018 &#8211; 2019<\/li>\n\n\n\n<li><a href=\"https:\/\/gesangverein-hofbieber.de\/index.php\/nachruf-dickhut\/\" data-type=\"page\" data-id=\"1827\">Matthias Dickhut<\/a> 2002 &#8211; 2018<\/li>\n\n\n\n<li><a href=\"https:\/\/gesangverein-hofbieber.de\/index.php\/werner_dietrich\/\" data-type=\"page\" data-id=\"1730\">Werner Dietrich<\/a> 2002 &#8211; 2002<\/li>\n\n\n\n<li>Konrad Mader 1952 &#8211; 2002<\/li>\n<\/ul>\n\n\n\n<p><\/p>\n","protected":false},"excerpt":{"rendered":"<p>Axel Daniel hat von 2019 bis 2023 die Leitung des Gesangvereins Hofbieber \u00fcbernommen. verheiratet mit Frau Ulrike und Vater von 4 Kindern. Geboren 1955 und aufgewachsen in Ellwangen an der Jagst studierte er nach dem Abitur in Mannheim Musik und &hellip; <a href=\"https:\/\/gesangverein-hofbieber.de\/index.php\/axel-daniel\/\">Continue reading <span class=\"meta-nav\">&rarr;<\/span><\/a><\/p>\n","protected":false},"author":666667,"featured_media":0,"parent":0,"menu_order":0,"comment_status":"closed","ping_status":"closed","template":"","meta":{"ngg_post_thumbnail":0,"footnotes":""},"class_list":["post-2515","page","type-page","status-publish","hentry"],"_links":{"self":[{"href":"https:\/\/gesangverein-hofbieber.de\/index.php\/wp-json\/wp\/v2\/pages\/2515","targetHints":{"allow":["GET"]}}],"collection":[{"href":"https:\/\/gesangverein-hofbieber.de\/index.php\/wp-json\/wp\/v2\/pages"}],"about":[{"href":"https:\/\/gesangverein-hofbieber.de\/index.php\/wp-json\/wp\/v2\/types\/page"}],"author":[{"embeddable":true,"href":"https:\/\/gesangverein-hofbieber.de\/index.php\/wp-json\/wp\/v2\/users\/666667"}],"replies":[{"embeddable":true,"href":"https:\/\/gesangverein-hofbieber.de\/index.php\/wp-json\/wp\/v2\/comments?post=2515"}],"version-history":[{"count":5,"href":"https:\/\/gesangverein-hofbieber.de\/index.php\/wp-json\/wp\/v2\/pages\/2515\/revisions"}],"predecessor-version":[{"id":2970,"href":"https:\/\/gesangverein-hofbieber.de\/index.php\/wp-json\/wp\/v2\/pages\/2515\/revisions\/2970"}],"wp:attachment":[{"href":"https:\/\/gesangverein-hofbieber.de\/index.php\/wp-json\/wp\/v2\/media?parent=2515"}],"curies":[{"name":"wp","href":"https:\/\/api.w.org\/{rel}","templated":true}]}}