{"id":2,"date":"2012-05-02T07:58:29","date_gmt":"2012-05-02T05:58:29","guid":{"rendered":"http:\/\/gesangverein-hofbieber.de\/?page_id=2"},"modified":"2026-04-01T01:50:11","modified_gmt":"2026-03-31T23:50:11","slug":"startseite","status":"publish","type":"page","link":"https:\/\/gesangverein-hofbieber.de\/","title":{"rendered":"Willkommen beim Gesangverein 1882 Hofbieber e.V."},"content":{"rendered":"\n<div class=\"wp-block-cover aligncenter has-custom-content-position is-position-bottom-center wp-duotone-unset-1\"><img loading=\"lazy\" decoding=\"async\" width=\"1024\" height=\"317\" class=\"wp-block-cover__image-background wp-image-2765 size-large\" alt=\"Konzert 2024 &quot;Verleih uns Frieden gn\u00e4diglich&quot;\" src=\"https:\/\/gesangverein-hofbieber.de\/wp-content\/uploads\/2024\/11\/grafik-1024x317.png\" data-object-fit=\"cover\" srcset=\"https:\/\/gesangverein-hofbieber.de\/wp-content\/uploads\/2024\/11\/grafik-1024x317.png 1024w, https:\/\/gesangverein-hofbieber.de\/wp-content\/uploads\/2024\/11\/grafik-300x93.png 300w, https:\/\/gesangverein-hofbieber.de\/wp-content\/uploads\/2024\/11\/grafik-768x238.png 768w, https:\/\/gesangverein-hofbieber.de\/wp-content\/uploads\/2024\/11\/grafik.png 1403w\" sizes=\"auto, (max-width: 1024px) 100vw, 1024px\" \/><span aria-hidden=\"true\" class=\"wp-block-cover__background has-background-dim-0 has-background-dim\"><\/span><div class=\"wp-block-cover__inner-container is-layout-flow wp-block-cover-is-layout-flow\">\n<p class=\"has-text-align-center has-large-font-size\">Konzert 2024 &#8222;Verleih uns Frieden gn\u00e4diglich&#8220;<\/p>\n<\/div><\/div>\n\n\n\n<div class=\"wp-block-columns is-layout-flex wp-container-core-columns-is-layout-9d6595d7 wp-block-columns-is-layout-flex\">\n<div class=\"wp-block-column is-layout-flow wp-block-column-is-layout-flow\" style=\"flex-basis:100%\">\n<div class=\"wp-block-group\"><div class=\"wp-block-group__inner-container is-layout-constrained wp-block-group-is-layout-constrained\">\n<hr class=\"wp-block-separator has-alpha-channel-opacity\"\/>\n\n\n\n<div class=\"wp-block-group is-nowrap is-layout-flex wp-container-core-group-is-layout-ad2f72ca wp-block-group-is-layout-flex\">\n<figure class=\"wp-block-image size-thumbnail\"><img loading=\"lazy\" decoding=\"async\" width=\"150\" height=\"150\" src=\"https:\/\/gesangverein-hofbieber.de\/wp-content\/uploads\/2025\/12\/WhatsApp-Bild-2025-12-09-um-09.51.16_5fea6448-150x150.jpg\" alt=\"\" class=\"wp-image-2948\"\/><\/figure>\n\n\n\n<figure class=\"wp-block-image size-thumbnail\"><img loading=\"lazy\" decoding=\"async\" width=\"150\" height=\"150\" src=\"https:\/\/gesangverein-hofbieber.de\/wp-content\/uploads\/2026\/01\/RP2026-150x150.jpg\" alt=\"\" class=\"wp-image-2957\"\/><\/figure>\n<\/div>\n\n\n\n<hr class=\"wp-block-separator has-alpha-channel-opacity\"\/>\n<\/div><\/div>\n<\/div>\n<\/div>\n\n\n\n<h2 class=\"wp-block-heading\">Einladung zur Jahreshauptversammlung &#8211; Gesangverein 1882 Hofbieber e. V.<\/h2>\n\n\n\n<p class=\"has-medium-font-size\">Der Gesangverein 1882 Hofbieber e.V. l\u00e4dt f\u00fcr den 11.4.2026, 19.00 Uhr, zur diesj\u00e4hrigen Jahreshauptversammlung in den Probenraum im Gemeindezentrum Hofbieber ein. <\/p>\n\n\n\n<h4 class=\"wp-block-heading has-medium-font-size\">Tagesordnung:<\/h4>\n\n\n\n<ol class=\"wp-block-list\">\n<li class=\"has-medium-font-size\">Begr\u00fc\u00dfung durch den Vorstand<\/li>\n\n\n\n<li class=\"has-medium-font-size\">Totenehrung<\/li>\n\n\n\n<li class=\"has-medium-font-size\">Jahresbericht des Vorstandes<\/li>\n\n\n\n<li class=\"has-medium-font-size\">Bericht des Jugendvertreters<\/li>\n\n\n\n<li class=\"has-medium-font-size\">Bericht des Dirigenten<\/li>\n\n\n\n<li class=\"has-medium-font-size\">Kassenbericht<\/li>\n\n\n\n<li class=\"has-medium-font-size\">Bericht der Kassenpr\u00fcfer und Entlastung des gesamten Vorstands<\/li>\n\n\n\n<li class=\"has-medium-font-size\">Ehrungen<\/li>\n\n\n\n<li class=\"has-medium-font-size\">Antr\u00e4ge und Verschiedenes<\/li>\n<\/ol>\n\n\n\n<p class=\"has-medium-font-size\">Wir bitten unsere Mitglieder sich diesen Termin vorzumerken. <br>Wegen der Wichtigkeit ist jedes Mitglied herzlich eingeladen, die Versammlung zu besuchen.<\/p>\n\n\n\n<p><strong>Veranstaltungsort:<\/strong><br>Proberaum im Gemeindezentrum Hofbieber<br>Schulweg 5<br>36145 Hofbieber<\/p>\n\n\n\n<hr class=\"wp-block-separator has-alpha-channel-opacity\"\/>\n\n\n\n<h2 class=\"wp-block-heading has-text-align-center\">kommende Termine (teilweise vorl\u00e4ufig)<\/h2>\n\n\n\n<figure class=\"wp-block-table is-style-stripes has-medium-font-size\"><table><tbody><tr><td>Mittwochs<\/td><td>19:30<\/td><td>Chorprobe<\/td><\/tr><\/tbody><\/table><\/figure>\n\n\n\n<p class=\"has-medium-font-size\">Wir proben jeden Mittwoch vom 19:30-21:00 Uhr im Gemeindezentrum Hofbieber im Gymnastikraum (Zugang \u00fcber den Seiteneingang neben der Schule).<br>S\u00e4ngerinnen und S\u00e4nger sind herzlich willkommen mal reinzuschnuppern und bei Gefallen auch wieder zu kommen.<\/p>\n\n\n\n<hr class=\"wp-block-separator has-alpha-channel-opacity\"\/>\n\n\n\n<p class=\"has-medium-font-size\"><a href=\"https:\/\/gesangverein-hofbieber.de\/wp-content\/uploads\/2025\/08\/Satzung_Datenschutz_2024.pdf\" data-type=\"attachment\" data-id=\"2885\">Satzung und Datenschutzvereinbarung<\/a> des Gesangvereins 1882 Hofbieber e.V. (Stand 04.12.2024)<\/p>\n\n\n\n<hr class=\"wp-block-separator has-alpha-channel-opacity\"\/>\n\n\n<div class=\"wp-block-image\">\n<figure class=\"aligncenter size-large\"><img loading=\"lazy\" decoding=\"async\" width=\"1024\" height=\"539\" src=\"https:\/\/gesangverein-hofbieber.de\/wp-content\/uploads\/2025\/04\/csm_Deutscher_Chorverband_Wir_singen_wann_kommst_du-1024x539.jpg\" alt=\"\" class=\"wp-image-2804\" srcset=\"https:\/\/gesangverein-hofbieber.de\/wp-content\/uploads\/2025\/04\/csm_Deutscher_Chorverband_Wir_singen_wann_kommst_du-1024x539.jpg 1024w, https:\/\/gesangverein-hofbieber.de\/wp-content\/uploads\/2025\/04\/csm_Deutscher_Chorverband_Wir_singen_wann_kommst_du-300x158.jpg 300w, https:\/\/gesangverein-hofbieber.de\/wp-content\/uploads\/2025\/04\/csm_Deutscher_Chorverband_Wir_singen_wann_kommst_du-768x404.jpg 768w, https:\/\/gesangverein-hofbieber.de\/wp-content\/uploads\/2025\/04\/csm_Deutscher_Chorverband_Wir_singen_wann_kommst_du.jpg 1140w\" sizes=\"auto, (max-width: 1024px) 100vw, 1024px\" \/><\/figure>\n<\/div>","protected":false},"excerpt":{"rendered":"<p>Einladung zur Jahreshauptversammlung &#8211; Gesangverein 1882 Hofbieber e. V. Der Gesangverein 1882 Hofbieber e.V. l\u00e4dt f\u00fcr den 11.4.2026, 19.00 Uhr, zur diesj\u00e4hrigen Jahreshauptversammlung in den Probenraum im Gemeindezentrum Hofbieber ein. Tagesordnung: Wir bitten unsere Mitglieder sich diesen Termin vorzumerken. Wegen &hellip; <a href=\"https:\/\/gesangverein-hofbieber.de\/\">Continue reading <span class=\"meta-nav\">&rarr;<\/span><\/a><\/p>\n","protected":false},"author":1,"featured_media":0,"parent":0,"menu_order":0,"comment_status":"closed","ping_status":"closed","template":"tmp-onecolumn.php","meta":{"ngg_post_thumbnail":0,"footnotes":""},"class_list":["post-2","page","type-page","status-publish","hentry"],"_links":{"self":[{"href":"https:\/\/gesangverein-hofbieber.de\/index.php\/wp-json\/wp\/v2\/pages\/2","targetHints":{"allow":["GET"]}}],"collection":[{"href":"https:\/\/gesangverein-hofbieber.de\/index.php\/wp-json\/wp\/v2\/pages"}],"about":[{"href":"https:\/\/gesangverein-hofbieber.de\/index.php\/wp-json\/wp\/v2\/types\/page"}],"author":[{"embeddable":true,"href":"https:\/\/gesangverein-hofbieber.de\/index.php\/wp-json\/wp\/v2\/users\/1"}],"replies":[{"embeddable":true,"href":"https:\/\/gesangverein-hofbieber.de\/index.php\/wp-json\/wp\/v2\/comments?post=2"}],"version-history":[{"count":12,"href":"https:\/\/gesangverein-hofbieber.de\/index.php\/wp-json\/wp\/v2\/pages\/2\/revisions"}],"predecessor-version":[{"id":2979,"href":"https:\/\/gesangverein-hofbieber.de\/index.php\/wp-json\/wp\/v2\/pages\/2\/revisions\/2979"}],"wp:attachment":[{"href":"https:\/\/gesangverein-hofbieber.de\/index.php\/wp-json\/wp\/v2\/media?parent=2"}],"curies":[{"name":"wp","href":"https:\/\/api.w.org\/{rel}","templated":true}]}}