{"id":1839,"date":"2020-07-26T22:12:42","date_gmt":"2020-07-26T20:12:42","guid":{"rendered":"https:\/\/www.gesangverein-hofbieber.de\/?page_id=1839"},"modified":"2020-10-15T00:25:42","modified_gmt":"2020-10-14T22:25:42","slug":"nachruf","status":"publish","type":"page","link":"https:\/\/gesangverein-hofbieber.de\/index.php\/nachruf\/","title":{"rendered":"Nachruf"},"content":{"rendered":"\n<p class=\"has-text-align-center has-large-font-size\">Eine sch\u00f6ne Stimme ist f\u00fcr immer verstummt.<\/p>\n\n\n\n<div class=\"wp-block-media-text alignwide is-stacked-on-mobile is-vertically-aligned-top\" style=\"grid-template-columns:34% auto\"><figure class=\"wp-block-media-text__media\"><img loading=\"lazy\" decoding=\"async\" width=\"580\" height=\"802\" src=\"https:\/\/www.gesangverein-hofbieber.de\/wp-content\/uploads\/2020\/07\/Waldemar3.jpg\" alt=\"\" class=\"wp-image-1845\" srcset=\"https:\/\/gesangverein-hofbieber.de\/wp-content\/uploads\/2020\/07\/Waldemar3.jpg 580w, https:\/\/gesangverein-hofbieber.de\/wp-content\/uploads\/2020\/07\/Waldemar3-217x300.jpg 217w\" sizes=\"auto, (max-width: 580px) 100vw, 580px\" \/><\/figure><div class=\"wp-block-media-text__content\">\n<p>Die S\u00e4ngerinnen und S\u00e4nger des Gesangvereins 1882 Hofbieber e.V. m\u00fcssen Abschied nehmen von ihrem Ehrenvorsitzenden Herrn Waldemar Reinhard.<\/p>\n\n\n\n<p>Waldemar Reinhard schloss sich 1954 dem Gesangverein 1882 Hofbieber an. Bis zu seinem Tod leistete er f\u00fcr den Verein unermessliche Arbeit. Nach einem Jahr als Notenwart begleitete Waldemar von 1956 \u2013 1983 das Amt des Schriftf\u00fchrers, danach \u00fcbernahm er den Vereinsvorsitz. Dieses Amt \u00fcbte er umsichtig, engagiert und voller Empathie f\u00fcr den Verein und die Mitgliederinnen und Mitglieder bis zum Jahr 2009 aus. F\u00fcr seine gro\u00dfen Verdienste um den Verein wurde er nach seinem Ausscheiden aus dem Vorstand mit dem Ehrenvorsitz des Vereins geehrt.<\/p>\n\n\n\n<p>Seine wundervolle Stimme war 66 Jahre eine wesentliche St\u00fctze im Tenor unseres Gemischten Chores. 2019 konnte er f\u00fcr 65 Jahre aktiven Chorgesang geehrte werden. Kaum eine Probe verpasste Waldemar in dieser Zeit \u2013 ein Vorbild f\u00fcr viele S\u00e4ngerinnen und S\u00e4nger.<\/p>\n\n\n\n<p>Seine besondere Leidenschaft galt dem Theaterspiel im Gesangverein. 1957 deb\u00fctierte er in dem St\u00fcck \u201eDie M\u00fchle im Tal\u201c. Nach 36 Jahre gab er mit dem Schwank \u201eDer doppelte Moritz\u201c seine Abschiedsvorstellung. Unz\u00e4hlige G\u00e4ste unseres Theaters werden sich gerne an diesen au\u00dferordentlichen und vielseitigen Theaterspieler erinnern.<\/p>\n\n\n\n<p>Auch von den \u201eBunten Abenden\u201c bzw. den Heimatabenden des Gesangvereins war er nicht wegzudenken. Seit den ersten Veranstaltungen gestaltete Waldemar wesentliche Teile der Programme aktiv mit, sei es als \u201eBauer net wiet vo Foll\u201c, als Solos\u00e4nger oder im musikalischen Zusammenspiel mit Tochter und Enkeltochter. Ebenso wird seine Stimme den Insulanern\/Belcantos fehlen. Als Rh\u00f6nm\u00e4her setzte er bei den Heimatabenden Akzente.<\/p>\n\n\n\n<p>Waldemar war immer da, wenn es galt dem Verein zu helfen. Mit ihm verliert der Gesangverein eine Pers\u00f6nlichkeit, die den Verein wesentlich gepr\u00e4gt und Spuren hinterlassen hat.<\/p>\n\n\n\n<p><\/p>\n<\/div><\/div>\n\n\n\n<p class=\"has-text-align-center has-medium-font-size\">Waldemar, wir werden Dich vermissen!<\/p>\n\n\n\n<p>Gesangverein 1882 Hofbieber e.V.<\/p>\n\n\n\n<hr class=\"wp-block-separator is-style-wide\"\/>\n\n\n\n<p><a href=\"https:\/\/www.gesangverein-hofbieber.de\/startseite\/\">Zur Startseite des Gesangverein 1882 Hofbieber e.V.<\/a><\/p>\n","protected":false},"excerpt":{"rendered":"<p>Eine sch\u00f6ne Stimme ist f\u00fcr immer verstummt. Die S\u00e4ngerinnen und S\u00e4nger des Gesangvereins 1882 Hofbieber e.V. m\u00fcssen Abschied nehmen von ihrem Ehrenvorsitzenden Herrn Waldemar Reinhard. Waldemar Reinhard schloss sich 1954 dem Gesangverein 1882 Hofbieber an. Bis zu seinem Tod leistete &hellip; <a href=\"https:\/\/gesangverein-hofbieber.de\/index.php\/nachruf\/\">Continue reading <span class=\"meta-nav\">&rarr;<\/span><\/a><\/p>\n","protected":false},"author":666667,"featured_media":0,"parent":0,"menu_order":0,"comment_status":"closed","ping_status":"closed","template":"","meta":{"ngg_post_thumbnail":0,"footnotes":""},"class_list":["post-1839","page","type-page","status-publish","hentry"],"_links":{"self":[{"href":"https:\/\/gesangverein-hofbieber.de\/index.php\/wp-json\/wp\/v2\/pages\/1839","targetHints":{"allow":["GET"]}}],"collection":[{"href":"https:\/\/gesangverein-hofbieber.de\/index.php\/wp-json\/wp\/v2\/pages"}],"about":[{"href":"https:\/\/gesangverein-hofbieber.de\/index.php\/wp-json\/wp\/v2\/types\/page"}],"author":[{"embeddable":true,"href":"https:\/\/gesangverein-hofbieber.de\/index.php\/wp-json\/wp\/v2\/users\/666667"}],"replies":[{"embeddable":true,"href":"https:\/\/gesangverein-hofbieber.de\/index.php\/wp-json\/wp\/v2\/comments?post=1839"}],"version-history":[{"count":0,"href":"https:\/\/gesangverein-hofbieber.de\/index.php\/wp-json\/wp\/v2\/pages\/1839\/revisions"}],"wp:attachment":[{"href":"https:\/\/gesangverein-hofbieber.de\/index.php\/wp-json\/wp\/v2\/media?parent=1839"}],"curies":[{"name":"wp","href":"https:\/\/api.w.org\/{rel}","templated":true}]}}