{"id":1827,"date":"2020-03-27T15:13:20","date_gmt":"2020-03-27T14:13:20","guid":{"rendered":"https:\/\/www.gesangverein-hofbieber.de\/?page_id=1827"},"modified":"2026-02-19T21:47:07","modified_gmt":"2026-02-19T20:47:07","slug":"nachruf-dickhut","status":"publish","type":"page","link":"https:\/\/gesangverein-hofbieber.de\/index.php\/nachruf-dickhut\/","title":{"rendered":"Nachruf Dickhut"},"content":{"rendered":"\n<p>Die S\u00e4ngerinnen und S\u00e4nger des Gesangvereins Hofbieber trauern um ihren langj\u00e4hrigen Dirigenten<\/p>\n\n\n\n<p class=\"has-text-align-center has-large-font-size\">Mathias Dickhut <\/p>\n\n\n<div class=\"wp-block-image\">\n<figure class=\"aligncenter size-large is-resized\"><img loading=\"lazy\" decoding=\"async\" width=\"365\" height=\"274\" src=\"https:\/\/www.gesangverein-hofbieber.de\/wp-content\/uploads\/2012\/10\/MD.png\" alt=\"\" class=\"wp-image-173\" style=\"width:365px;height:274px\" srcset=\"https:\/\/gesangverein-hofbieber.de\/wp-content\/uploads\/2012\/10\/MD.png 365w, https:\/\/gesangverein-hofbieber.de\/wp-content\/uploads\/2012\/10\/MD-300x225.png 300w\" sizes=\"auto, (max-width: 365px) 100vw, 365px\" \/><\/figure>\n<\/div>\n\n\n<p class=\"has-text-align-center has-medium-font-size\"> * 26.10.1953    + 26.03.2020 <\/p>\n\n\n\n<p class=\"has-medium-font-size\">Mit unermesslicher Musikalit\u00e4t und gro\u00dfer Menschlichkeit hat der Verstorbene den Chor mehr als zehn Jahre geleitet. Wir verdanken ihm unvergessliche Erlebnisse wie unsere Chorreisen nach Washington und Budapest. Durch sein Engagement erlangte der Chor eine hohe Qualit\u00e4t und wurde \u00fcber die Grenzen Hofbiebers hinaus gesch\u00e4tzt. Unsere Gedanken und Herzen sind in diesen schweren Tagen bei seiner Frau Ute und seinem Sohn Florian . Mathias ist verstummt, aber seine Musik wird f\u00fcr immer in uns weiter klingen. Danke f\u00fcr die wundervollen Jahre. <\/p>\n\n\n\n<p class=\"has-text-align-center\">Gesangverein Hofbieber<\/p>\n\n\n\n<hr class=\"wp-block-separator has-css-opacity\"\/>\n\n\n\n<h3 class=\"wp-block-heading\">Unsere Chorleiter<\/h3>\n\n\n\n<ul class=\"wp-block-list\">\n<li><a href=\"https:\/\/gesangverein-hofbieber.de\/index.php\/werner_dietrich\/\" data-type=\"page\" data-id=\"1730\">Werner Dietrich<\/a> 2023 &#8211; heute<\/li>\n\n\n\n<li><a href=\"https:\/\/gesangverein-hofbieber.de\/index.php\/axel-daniel\/\" data-type=\"page\" data-id=\"2515\">Axel Daniel<\/a> 2019 &#8211; 2023<\/li>\n\n\n\n<li><a href=\"https:\/\/gesangverein-hofbieber.de\/index.php\/ulrich_moormann\/\" data-type=\"page\" data-id=\"169\">Ulrich Moormann<\/a> 2018 &#8211; 2019<\/li>\n\n\n\n<li><a href=\"https:\/\/gesangverein-hofbieber.de\/index.php\/nachruf-dickhut\/\" data-type=\"page\" data-id=\"1827\">Matthias Dickhut<\/a> 2002 &#8211; 2018<\/li>\n\n\n\n<li><a href=\"https:\/\/gesangverein-hofbieber.de\/index.php\/werner_dietrich\/\" data-type=\"page\" data-id=\"1730\">Werner Dietrich<\/a> 2002 &#8211; 2002<\/li>\n\n\n\n<li>Konrad Mader 1952 &#8211; 2002<\/li>\n<\/ul>\n\n\n\n<p><a href=\"https:\/\/www.gesangverein-hofbieber.de\/\">Zur Star<\/a><a href=\"https:\/\/www.gesangverein-hofbieber.de\/startseite\/\">t<\/a><a href=\"https:\/\/www.gesangverein-hofbieber.de\/\">seite<\/a><\/p>\n","protected":false},"excerpt":{"rendered":"<p>Die S\u00e4ngerinnen und S\u00e4nger des Gesangvereins Hofbieber trauern um ihren langj\u00e4hrigen Dirigenten Mathias Dickhut * 26.10.1953 + 26.03.2020 Mit unermesslicher Musikalit\u00e4t und gro\u00dfer Menschlichkeit hat der Verstorbene den Chor mehr als zehn Jahre geleitet. Wir verdanken ihm unvergessliche Erlebnisse wie &hellip; <a href=\"https:\/\/gesangverein-hofbieber.de\/index.php\/nachruf-dickhut\/\">Continue reading <span class=\"meta-nav\">&rarr;<\/span><\/a><\/p>\n","protected":false},"author":666667,"featured_media":0,"parent":0,"menu_order":0,"comment_status":"closed","ping_status":"closed","template":"tmp-onecolumn.php","meta":{"ngg_post_thumbnail":0,"footnotes":""},"class_list":["post-1827","page","type-page","status-publish","hentry"],"_links":{"self":[{"href":"https:\/\/gesangverein-hofbieber.de\/index.php\/wp-json\/wp\/v2\/pages\/1827","targetHints":{"allow":["GET"]}}],"collection":[{"href":"https:\/\/gesangverein-hofbieber.de\/index.php\/wp-json\/wp\/v2\/pages"}],"about":[{"href":"https:\/\/gesangverein-hofbieber.de\/index.php\/wp-json\/wp\/v2\/types\/page"}],"author":[{"embeddable":true,"href":"https:\/\/gesangverein-hofbieber.de\/index.php\/wp-json\/wp\/v2\/users\/666667"}],"replies":[{"embeddable":true,"href":"https:\/\/gesangverein-hofbieber.de\/index.php\/wp-json\/wp\/v2\/comments?post=1827"}],"version-history":[{"count":0,"href":"https:\/\/gesangverein-hofbieber.de\/index.php\/wp-json\/wp\/v2\/pages\/1827\/revisions"}],"wp:attachment":[{"href":"https:\/\/gesangverein-hofbieber.de\/index.php\/wp-json\/wp\/v2\/media?parent=1827"}],"curies":[{"name":"wp","href":"https:\/\/api.w.org\/{rel}","templated":true}]}}