{"id":1730,"date":"2019-09-03T19:43:44","date_gmt":"2019-09-03T17:43:44","guid":{"rendered":"http:\/\/gesangverein-hofbieber.de\/?page_id=1730"},"modified":"2026-02-19T21:49:49","modified_gmt":"2026-02-19T20:49:49","slug":"werner_dietrich","status":"publish","type":"page","link":"https:\/\/gesangverein-hofbieber.de\/index.php\/werner_dietrich\/","title":{"rendered":"Chorleiter Werner Dietrich"},"content":{"rendered":"\n<hr class=\"wp-block-separator has-alpha-channel-opacity\"\/>\n\n\n\n<div class=\"wp-block-media-text alignwide is-stacked-on-mobile\" style=\"grid-template-columns:26% auto\"><figure class=\"wp-block-media-text__media\"><img loading=\"lazy\" decoding=\"async\" width=\"154\" height=\"223\" src=\"http:\/\/www.gesangverein-hofbieber.de\/wp-content\/uploads\/2023\/03\/WernerDietrich.jpg\" alt=\"\" class=\"wp-image-2523 size-full\"\/><\/figure><div class=\"wp-block-media-text__content\">\n<p class=\"has-medium-font-size\">Von Prof. Karl Fritz (Dommusikdirektor, Kirchenmusikinstitut Fulda) erhielt Werner Dietrich in Fulda Unterricht an der Orgel. Hierzu geh\u00f6rte auch das Fach Chorleitung. <\/p>\n\n\n\n<p class=\"has-medium-font-size\">Seit \u00fcber 30 Jahren Chorleiter des M\u00e4nnergesangvereins 1919 Uffhausen, war Werner Dietrich Chorleiter des Frauenchores Uffhausen, der Gemischten Ch\u00f6re Steinbach und Bachrain sowie der M\u00e4nnerch\u00f6re Bimbach und Steinau. <\/p>\n\n\n\n<p class=\"has-medium-font-size\">Werner Dietrich nahm regelm\u00e4\u00dfig an Chorleiterfortbildungen teil, u.a. Prof. Gerd Guglh\u00f6r, M\u00fcnchen, Stimmbildung. Zahlreiche Konzerte mit seinen Ch\u00f6ren, u.a. auch mit Streichorchestern oder Rockbands, dokumentieren seine musikalische Bandbreite und Vorstellungen von interessanter, abwechslungsreicher und anspruchsvoller Chormusik.<\/p>\n\n\n\n<p class=\"has-medium-font-size\">Seit M\u00e4rz 2023 ist er wieder Chorleiter des Gesangvereins.<br>Im Jahre 2002 \u00fcbernahm er schon einmal den Chor von Konrad Mader und \u00fcbergab ihn wenig sp\u00e4ter an Matthias Dickhut.<br><\/p>\n<\/div><\/div>\n\n\n\n<hr class=\"wp-block-separator has-alpha-channel-opacity\"\/>\n\n\n\n<div class=\"wp-block-media-text alignwide has-media-on-the-right is-stacked-on-mobile is-vertically-aligned-center\" style=\"grid-template-columns:auto 30%\"><div class=\"wp-block-media-text__content\">\n<h2 class=\"wp-block-heading\">Was charakterisiert einen Chorleiter?<\/h2>\n\n\n\n<p>Jemand, der so lange und beharrlich in mystischer Weise mit seinen H\u00e4nden wedelt, bis das Spektakel vor\u00fcber ist. Darauffolgenden wird f\u00fcr gew\u00f6hnlich applaudiert.<\/p>\n\n\n\n<p>Eine Person, die Probleme l\u00f6st, von denen Du nicht einmal wusstest, dass Du sie hast, auf Arten, die Du nicht verstehst.<\/p>\n\n\n\n<p>Jemand, der von sich sagt: &#8222;Ich h\u00f6re Stimmen&#8220;<\/p>\n\n\n\n<p>Jemand, der auch ein stressigen Situationen immer auf den guten Ton achtet.<\/p>\n<\/div><figure class=\"wp-block-media-text__media\"><img loading=\"lazy\" decoding=\"async\" width=\"640\" height=\"640\" src=\"https:\/\/www.gesangverein-hofbieber.de\/wp-content\/uploads\/2021\/11\/jobs-2065271_640.jpg\" alt=\"\" class=\"wp-image-2157 size-full\" srcset=\"https:\/\/gesangverein-hofbieber.de\/wp-content\/uploads\/2021\/11\/jobs-2065271_640.jpg 640w, https:\/\/gesangverein-hofbieber.de\/wp-content\/uploads\/2021\/11\/jobs-2065271_640-300x300.jpg 300w, https:\/\/gesangverein-hofbieber.de\/wp-content\/uploads\/2021\/11\/jobs-2065271_640-150x150.jpg 150w\" sizes=\"auto, (max-width: 640px) 100vw, 640px\" \/><\/figure><\/div>\n\n\n\n<h3 class=\"wp-block-heading\">Unsere Chorleiter<\/h3>\n\n\n\n<ul class=\"wp-block-list\">\n<li><a href=\"https:\/\/gesangverein-hofbieber.de\/index.php\/werner_dietrich\/\" data-type=\"page\" data-id=\"1730\">Werner Dietrich<\/a> 2023 &#8211; heute<\/li>\n\n\n\n<li><a href=\"https:\/\/gesangverein-hofbieber.de\/index.php\/axel-daniel\/\" data-type=\"page\" data-id=\"2515\">Axel Daniel<\/a> 2019 &#8211; 2023<\/li>\n\n\n\n<li><a href=\"https:\/\/gesangverein-hofbieber.de\/index.php\/ulrich_moormann\/\" data-type=\"page\" data-id=\"169\">Ulrich Moormann<\/a> 2018 &#8211; 2019<\/li>\n\n\n\n<li><a href=\"https:\/\/gesangverein-hofbieber.de\/index.php\/nachruf-dickhut\/\" data-type=\"page\" data-id=\"1827\">Matthias Dickhut<\/a> 2002 &#8211; 2018<\/li>\n\n\n\n<li><a href=\"https:\/\/gesangverein-hofbieber.de\/index.php\/werner_dietrich\/\" data-type=\"page\" data-id=\"1730\">Werner Dietrich<\/a> 2002 &#8211; 2002<\/li>\n\n\n\n<li>Konrad Mader 1952 &#8211; 2002<\/li>\n<\/ul>\n\n\n\n<p><\/p>\n","protected":false},"excerpt":{"rendered":"<p>Von Prof. Karl Fritz (Dommusikdirektor, Kirchenmusikinstitut Fulda) erhielt Werner Dietrich in Fulda Unterricht an der Orgel. Hierzu geh\u00f6rte auch das Fach Chorleitung. Seit \u00fcber 30 Jahren Chorleiter des M\u00e4nnergesangvereins 1919 Uffhausen, war Werner Dietrich Chorleiter des Frauenchores Uffhausen, der Gemischten &hellip; <a href=\"https:\/\/gesangverein-hofbieber.de\/index.php\/werner_dietrich\/\">Continue reading <span class=\"meta-nav\">&rarr;<\/span><\/a><\/p>\n","protected":false},"author":666667,"featured_media":0,"parent":0,"menu_order":0,"comment_status":"closed","ping_status":"closed","template":"","meta":{"ngg_post_thumbnail":0,"footnotes":""},"class_list":["post-1730","page","type-page","status-publish","hentry"],"_links":{"self":[{"href":"https:\/\/gesangverein-hofbieber.de\/index.php\/wp-json\/wp\/v2\/pages\/1730","targetHints":{"allow":["GET"]}}],"collection":[{"href":"https:\/\/gesangverein-hofbieber.de\/index.php\/wp-json\/wp\/v2\/pages"}],"about":[{"href":"https:\/\/gesangverein-hofbieber.de\/index.php\/wp-json\/wp\/v2\/types\/page"}],"author":[{"embeddable":true,"href":"https:\/\/gesangverein-hofbieber.de\/index.php\/wp-json\/wp\/v2\/users\/666667"}],"replies":[{"embeddable":true,"href":"https:\/\/gesangverein-hofbieber.de\/index.php\/wp-json\/wp\/v2\/comments?post=1730"}],"version-history":[{"count":0,"href":"https:\/\/gesangverein-hofbieber.de\/index.php\/wp-json\/wp\/v2\/pages\/1730\/revisions"}],"wp:attachment":[{"href":"https:\/\/gesangverein-hofbieber.de\/index.php\/wp-json\/wp\/v2\/media?parent=1730"}],"curies":[{"name":"wp","href":"https:\/\/api.w.org\/{rel}","templated":true}]}}