{"id":169,"date":"2012-10-15T20:06:45","date_gmt":"2012-10-15T20:06:45","guid":{"rendered":"http:\/\/gesangverein-hofbieber.de\/?page_id=169"},"modified":"2026-02-19T21:47:23","modified_gmt":"2026-02-19T20:47:23","slug":"ulrich_moormann","status":"publish","type":"page","link":"https:\/\/gesangverein-hofbieber.de\/index.php\/ulrich_moormann\/","title":{"rendered":"Ulrich Moormann"},"content":{"rendered":"\n<div class=\"wp-block-media-text alignwide is-stacked-on-mobile\" style=\"grid-template-columns:23% auto\"><figure class=\"wp-block-media-text__media\"><img loading=\"lazy\" decoding=\"async\" width=\"4000\" height=\"6000\" src=\"https:\/\/www.gesangverein-hofbieber.de\/wp-content\/uploads\/2018\/03\/IMG_0014.jpg\" alt=\"\" class=\"wp-image-1357 size-full\" srcset=\"https:\/\/gesangverein-hofbieber.de\/wp-content\/uploads\/2018\/03\/IMG_0014.jpg 4000w, https:\/\/gesangverein-hofbieber.de\/wp-content\/uploads\/2018\/03\/IMG_0014-200x300.jpg 200w, https:\/\/gesangverein-hofbieber.de\/wp-content\/uploads\/2018\/03\/IMG_0014-768x1152.jpg 768w, https:\/\/gesangverein-hofbieber.de\/wp-content\/uploads\/2018\/03\/IMG_0014-683x1024.jpg 683w\" sizes=\"auto, (max-width: 4000px) 100vw, 4000px\" \/><\/figure><div class=\"wp-block-media-text__content\">\n<p class=\"has-large-font-size\"><\/p>\n\n\n\n<p><span style=\"font-size: 14.0pt; font-family: 'Verdana','sans-serif';\">Ulrich Moormann, geboren 1963 in Nordhorn, wirkt seit dem Studium der kath. Kirchenmusik (A) in Stuttgart und dem Kapellmeisterexamen in Karlsruhe, seit 1994 als Regionalkantor in Fulda. <\/span><\/p>\n\n\n\n<p><span style=\"font-size: 14.0pt; font-family: 'Verdana','sans-serif';\">Hier ist er Dozent am bisch\u00f6flichen Kirchenmusikinsitut Fulda, Zust\u00e4ndiger f\u00fcr kirchliche Bl\u00e4serarbeit und Kantor der Kirchengemeinde St. Elisabeth Fulda. Daneben wirkte er als Ensembleleiter (u.a. Musikverein K\u00fcnzell e.V. 1994 &#8211; 2010, Kammerorchester der Jugend e.V 1997 &#8211; 2009).<\/span><\/p>\n\n\n\n<p><span style=\"font-size: 14.0pt; font-family: 'Verdana','sans-serif';\">Zur Zeit leitet er die Georgibl\u00e4ser Bad Br\u00fcckenau und den Gesangsverein Hofbieber 1882 eV von 2018-2019<\/span><\/p>\n\n\n\n<p class=\"has-medium-font-size\">Von 2018 bis 2019 leitete er useren Chor<\/p>\n<\/div><\/div>\n\n\n\n<h3 class=\"wp-block-heading\">Unsere Chorleiter<\/h3>\n\n\n\n<ul class=\"wp-block-list\">\n<li><a href=\"https:\/\/gesangverein-hofbieber.de\/index.php\/axel-daniel\/\" data-type=\"page\" data-id=\"2515\">Axel Daniel<\/a> 2019 &#8211; 2023<\/li>\n\n\n\n<li><a href=\"https:\/\/gesangverein-hofbieber.de\/index.php\/ulrich_moormann\/\" data-type=\"page\" data-id=\"169\">Ulrich Moormann<\/a> 2018 &#8211; 2019<\/li>\n\n\n\n<li><a href=\"https:\/\/gesangverein-hofbieber.de\/index.php\/nachruf-dickhut\/\" data-type=\"page\" data-id=\"1827\">Matthias Dickhut<\/a> 2002 &#8211; 2018<\/li>\n\n\n\n<li><a href=\"https:\/\/gesangverein-hofbieber.de\/index.php\/werner_dietrich\/\" data-type=\"page\" data-id=\"1730\">Werner Dietrich<\/a> 2023 &#8211; heute<\/li>\n\n\n\n<li><a href=\"https:\/\/gesangverein-hofbieber.de\/index.php\/werner_dietrich\/\" data-type=\"page\" data-id=\"1730\">Werner Dietrich<\/a> 2002 &#8211; 2002<\/li>\n\n\n\n<li>Konrad Mader 1952 &#8211; 2002<\/li>\n<\/ul>\n","protected":false},"excerpt":{"rendered":"<p>Ulrich Moormann, geboren 1963 in Nordhorn, wirkt seit dem Studium der kath. Kirchenmusik (A) in Stuttgart und dem Kapellmeisterexamen in Karlsruhe, seit 1994 als Regionalkantor in Fulda. Hier ist er Dozent am bisch\u00f6flichen Kirchenmusikinsitut Fulda, Zust\u00e4ndiger f\u00fcr kirchliche Bl\u00e4serarbeit und &hellip; <a href=\"https:\/\/gesangverein-hofbieber.de\/index.php\/ulrich_moormann\/\">Continue reading <span class=\"meta-nav\">&rarr;<\/span><\/a><\/p>\n","protected":false},"author":1,"featured_media":0,"parent":0,"menu_order":0,"comment_status":"closed","ping_status":"closed","template":"","meta":{"ngg_post_thumbnail":0,"footnotes":""},"class_list":["post-169","page","type-page","status-publish","hentry"],"_links":{"self":[{"href":"https:\/\/gesangverein-hofbieber.de\/index.php\/wp-json\/wp\/v2\/pages\/169","targetHints":{"allow":["GET"]}}],"collection":[{"href":"https:\/\/gesangverein-hofbieber.de\/index.php\/wp-json\/wp\/v2\/pages"}],"about":[{"href":"https:\/\/gesangverein-hofbieber.de\/index.php\/wp-json\/wp\/v2\/types\/page"}],"author":[{"embeddable":true,"href":"https:\/\/gesangverein-hofbieber.de\/index.php\/wp-json\/wp\/v2\/users\/1"}],"replies":[{"embeddable":true,"href":"https:\/\/gesangverein-hofbieber.de\/index.php\/wp-json\/wp\/v2\/comments?post=169"}],"version-history":[{"count":0,"href":"https:\/\/gesangverein-hofbieber.de\/index.php\/wp-json\/wp\/v2\/pages\/169\/revisions"}],"wp:attachment":[{"href":"https:\/\/gesangverein-hofbieber.de\/index.php\/wp-json\/wp\/v2\/media?parent=169"}],"curies":[{"name":"wp","href":"https:\/\/api.w.org\/{rel}","templated":true}]}}