{"id":11,"date":"2012-05-18T06:30:41","date_gmt":"2012-05-18T06:30:41","guid":{"rendered":"http:\/\/gesangverein-hofbieber.de\/?page_id=11"},"modified":"2018-05-26T18:25:02","modified_gmt":"2018-05-26T18:25:02","slug":"gastebuch","status":"publish","type":"page","link":"https:\/\/gesangverein-hofbieber.de\/index.php\/gastebuch\/","title":{"rendered":"G\u00e4stebuch"},"content":{"rendered":"<p>Sehr geehrter Besucher,<br \/>\nWir freuen uns sehr, dass sie unser G\u00e4stebuch besuchen m\u00f6chten.<br \/>\nLeider k\u00f6nnen wir Ihnen zur Zeit diese Funktion online nicht anbieten, da wir noch keine rechtskonforme L\u00f6sung gem\u00e4\u00df DSGVO gefunden haben.<br \/>\nWir bitten um Ihr Verst\u00e4ndnis.<\/p>\n<p>Ihre Mitteilung, W\u00fcnsche und Anliegen nehmen wir gerne auch pers\u00f6nlich zukommen lassen.<br \/>\nDie Gelegenheit dazu haben Sie zum Beispiel bei unseren Konzerten, Theatervorstellungen, Bunten Abenden und sonstigen Veranstaltungen des Gesangvereins 1882 Hofbieber eV.<\/p>\n","protected":false},"excerpt":{"rendered":"<p>Sehr geehrter Besucher, Wir freuen uns sehr, dass sie unser G\u00e4stebuch besuchen m\u00f6chten. Leider k\u00f6nnen wir Ihnen zur Zeit diese Funktion online nicht anbieten, da wir noch keine rechtskonforme L\u00f6sung gem\u00e4\u00df DSGVO gefunden haben. Wir bitten um Ihr Verst\u00e4ndnis. Ihre &hellip; <a href=\"https:\/\/gesangverein-hofbieber.de\/index.php\/gastebuch\/\">Continue reading <span class=\"meta-nav\">&rarr;<\/span><\/a><\/p>\n","protected":false},"author":1,"featured_media":0,"parent":0,"menu_order":0,"comment_status":"closed","ping_status":"closed","template":"","meta":{"ngg_post_thumbnail":0,"footnotes":""},"class_list":["post-11","page","type-page","status-publish","hentry"],"_links":{"self":[{"href":"https:\/\/gesangverein-hofbieber.de\/index.php\/wp-json\/wp\/v2\/pages\/11","targetHints":{"allow":["GET"]}}],"collection":[{"href":"https:\/\/gesangverein-hofbieber.de\/index.php\/wp-json\/wp\/v2\/pages"}],"about":[{"href":"https:\/\/gesangverein-hofbieber.de\/index.php\/wp-json\/wp\/v2\/types\/page"}],"author":[{"embeddable":true,"href":"https:\/\/gesangverein-hofbieber.de\/index.php\/wp-json\/wp\/v2\/users\/1"}],"replies":[{"embeddable":true,"href":"https:\/\/gesangverein-hofbieber.de\/index.php\/wp-json\/wp\/v2\/comments?post=11"}],"version-history":[{"count":0,"href":"https:\/\/gesangverein-hofbieber.de\/index.php\/wp-json\/wp\/v2\/pages\/11\/revisions"}],"wp:attachment":[{"href":"https:\/\/gesangverein-hofbieber.de\/index.php\/wp-json\/wp\/v2\/media?parent=11"}],"curies":[{"name":"wp","href":"https:\/\/api.w.org\/{rel}","templated":true}]}}